{"id":433,"date":"2017-12-02T01:05:00","date_gmt":"2017-12-02T01:05:00","guid":{"rendered":"https:\/\/www.gites-labuissonniere.com\/a-decouvrir-dans-les-environs\/"},"modified":"2018-06-05T22:48:33","modified_gmt":"2018-06-05T20:48:33","slug":"to-discover-in-the-surroundings","status":"publish","type":"page","link":"https:\/\/www.gites-labuissonniere.com\/en\/to-discover-in-the-surroundings\/","title":{"rendered":"Surroundings"},"content":{"rendered":"\t\t<div data-elementor-type=\"wp-post\" data-elementor-id=\"433\" class=\"elementor elementor-433 elementor-56\" data-elementor-post-type=\"page\">\n\t\t\t\t\t\t<section class=\"elementor-section elementor-top-section elementor-element elementor-element-3abe1d47 elementor-section-full_width elementor-section-height-min-height elementor-section-height-default elementor-section-items-middle\" data-id=\"3abe1d47\" data-element_type=\"section\" data-e-type=\"section\" data-settings=\"{&quot;background_background&quot;:&quot;classic&quot;}\">\n\t\t\t\t\t\t\t<div class=\"elementor-background-overlay\"><\/div>\n\t\t\t\t\t\t\t<div class=\"elementor-container elementor-column-gap-default\">\n\t\t\t\t\t<div class=\"elementor-column elementor-col-100 elementor-top-column elementor-element elementor-element-1cd780e3\" data-id=\"1cd780e3\" data-element_type=\"column\" data-e-type=\"column\">\n\t\t\t<div class=\"elementor-widget-wrap elementor-element-populated\">\n\t\t\t\t\t\t<div class=\"elementor-element elementor-element-367392ab elementor-widget elementor-widget-spacer\" data-id=\"367392ab\" data-element_type=\"widget\" data-e-type=\"widget\" data-widget_type=\"spacer.default\">\n\t\t\t\t<div class=\"elementor-widget-container\">\n\t\t\t\t\t\t\t<div class=\"elementor-spacer\">\n\t\t\t<div class=\"elementor-spacer-inner\"><\/div>\n\t\t<\/div>\n\t\t\t\t\t\t<\/div>\n\t\t\t\t<\/div>\n\t\t\t\t<div class=\"elementor-element elementor-element-2745faf1 elementor-view-default elementor-position-top elementor-invisible elementor-widget elementor-widget-themo-header\" data-id=\"2745faf1\" data-element_type=\"widget\" data-e-type=\"widget\" data-settings=\"{&quot;_animation&quot;:&quot;fadeIn&quot;}\" data-widget_type=\"themo-header.default\">\n\t\t\t\t<div class=\"elementor-widget-container\">\n\t\t\t\t\t\t\t<div class=\"th-header-wrap\">\n        <div class=\"elementor-icon-box-wrapper \">\n                            <div class=\"elementor-icon-box-content\">\n                    <h1 class=\"elementor-icon-box-title\">\n                        \"Ard\u00e8che is a country that amazes its visitors and its inhabitants\"                    <\/h1>\n                                        <p class=\"elementor-icon-box-description\"><\/p>\n\n                                    <\/div>\n            <\/div>\n\n        <\/div>\n\n\t\t\t\t\t\t<\/div>\n\t\t\t\t<\/div>\n\t\t\t\t\t<\/div>\n\t\t<\/div>\n\t\t\t\t\t<\/div>\n\t\t<\/section>\n\t\t\t\t<section class=\"elementor-section elementor-top-section elementor-element elementor-element-271846f elementor-section-boxed elementor-section-height-default elementor-section-height-default\" data-id=\"271846f\" data-element_type=\"section\" data-e-type=\"section\" data-settings=\"{&quot;background_background&quot;:&quot;classic&quot;}\">\n\t\t\t\t\t\t<div class=\"elementor-container elementor-column-gap-default\">\n\t\t\t\t\t<div class=\"elementor-column elementor-col-100 elementor-top-column elementor-element elementor-element-4debf21\" data-id=\"4debf21\" data-element_type=\"column\" data-e-type=\"column\">\n\t\t\t<div class=\"elementor-widget-wrap elementor-element-populated\">\n\t\t\t\t\t\t<div class=\"elementor-element elementor-element-bd0da9a elementor-widget elementor-widget-spacer\" data-id=\"bd0da9a\" data-element_type=\"widget\" data-e-type=\"widget\" data-widget_type=\"spacer.default\">\n\t\t\t\t<div class=\"elementor-widget-container\">\n\t\t\t\t\t\t\t<div class=\"elementor-spacer\">\n\t\t\t<div class=\"elementor-spacer-inner\"><\/div>\n\t\t<\/div>\n\t\t\t\t\t\t<\/div>\n\t\t\t\t<\/div>\n\t\t\t\t<div class=\"elementor-element elementor-element-6ec440c elementor-widget elementor-widget-text-editor\" data-id=\"6ec440c\" data-element_type=\"widget\" data-e-type=\"widget\" data-widget_type=\"text-editor.default\">\n\t\t\t\t<div class=\"elementor-widget-container\">\n\t\t\t\t\t\t\t\t\t<p>Open your eyes and admire the landscape puzzle of the Regional Natural Park of the Monts d&#8217;Ard\u00e8che.<\/p><p style=\"padding-left: 30px;\">Philosophy 1 : Do not hesitate to ask me any advice for your visits<br \/>Philosophy 2 : Do not plan everything and be surprised by the activities of the moment<br \/>Philosophy 3 : dare, discover and enjoy,<\/p><p>The region of Ard\u00e8che reveals its treasures through these villages.<br \/>In the south, houses with narrow windows let you imagine a siesta in the shadow of the century-old lime tree.<br \/>In southern Ard\u00e8che you will discover the diversity of the vegetation and the ballads in the small paths.<\/p><p>The Ard\u00e8che plateau varies pleasures according to the seasons, daffodils, swimming or snow.<\/p><p>Whatever your age or fitness you will find in Ard\u00e8che an activity to please you. From the cottages the ballads are numerous. A little further a via ferrata, canyoning, tree climbing. Even further: canoeing, snowshoeing, skiing, karting &#8230;<\/p><p>The hilly reliefs give way to beautiful landscapes in summer and winter, the cave of Pont d&#8217;Arc, the Aven d&#8217;Orgnac, the waterfall of Ray Pic, Lake Issarles, the Castle of Aubenas, Mount Gerbier reeds.<\/p><p>After all its efforts, want a moment of relaxation, the thermal baths of Vals or the spa of jastre proposes quality care.<\/p><p>To complete your discovery of the Ard\u00e8che you will enjoy our specialties with various flavors and varied. From rennet to sausage and chestnut in all its forms; without forgetting our small goat cheeses with a gustative intensity evolving with the drying time &#8230; Your taste buds will be all titillated and, without doubt, will ask for more.<\/p><p>If your stay is prolonged and you have the soul traveler, push your discovery to the neighboring departments of the Ard\u00e8che: the valley of Villaret, bamboo Anduze, Mont Ventoux \u2026<\/p>\t\t\t\t\t\t\t\t<\/div>\n\t\t\t\t<\/div>\n\t\t\t\t\t<\/div>\n\t\t<\/div>\n\t\t\t\t\t<\/div>\n\t\t<\/section>\n\t\t\t\t<section class=\"elementor-section elementor-top-section elementor-element elementor-element-282c53d elementor-section-boxed elementor-section-height-default elementor-section-height-default\" data-id=\"282c53d\" data-element_type=\"section\" data-e-type=\"section\" data-settings=\"{&quot;background_background&quot;:&quot;classic&quot;}\">\n\t\t\t\t\t\t<div class=\"elementor-container elementor-column-gap-default\">\n\t\t\t\t\t<div class=\"elementor-column elementor-col-100 elementor-top-column elementor-element elementor-element-f49e139\" data-id=\"f49e139\" data-element_type=\"column\" data-e-type=\"column\">\n\t\t\t<div class=\"elementor-widget-wrap elementor-element-populated\">\n\t\t\t\t\t\t<div class=\"elementor-element elementor-element-cf1a3fc elementor-widget elementor-widget-spacer\" data-id=\"cf1a3fc\" data-element_type=\"widget\" data-e-type=\"widget\" data-widget_type=\"spacer.default\">\n\t\t\t\t<div class=\"elementor-widget-container\">\n\t\t\t\t\t\t\t<div class=\"elementor-spacer\">\n\t\t\t<div class=\"elementor-spacer-inner\"><\/div>\n\t\t<\/div>\n\t\t\t\t\t\t<\/div>\n\t\t\t\t<\/div>\n\t\t\t\t\t<\/div>\n\t\t<\/div>\n\t\t\t\t\t<\/div>\n\t\t<\/section>\n\t\t\t\t<\/div>\n\t\t","protected":false},"excerpt":{"rendered":"<p>&quot;Ard\u00e8che is a country that amazes its visitors and its inhabitants&quot; Open your eyes and admire the landscape puzzle of the Regional Natural Park of the Monts d&#8217;Ard\u00e8che. Philosophy 1 : Do not hesitate to ask me any advice for &hellip; <a href=\"https:\/\/www.gites-labuissonniere.com\/en\/to-discover-in-the-surroundings\/\">Read More<\/a><\/p>\n","protected":false},"author":1,"featured_media":0,"parent":0,"menu_order":19,"comment_status":"closed","ping_status":"closed","template":"","meta":{"footnotes":""},"class_list":["post-433","page","type-page","status-publish","hentry"],"yoast_head":"<!-- This site is optimized with the Yoast SEO plugin v27.2 - https:\/\/yoast.com\/product\/yoast-seo-wordpress\/ -->\n<title>Surroundings - Les G\u00eetes de la Buissonni\u00e8re<\/title>\n<meta name=\"robots\" content=\"index, follow, max-snippet:-1, max-image-preview:large, max-video-preview:-1\" \/>\n<link rel=\"canonical\" href=\"https:\/\/www.gites-labuissonniere.com\/en\/to-discover-in-the-surroundings\/\" \/>\n<meta property=\"og:locale\" content=\"en_US\" \/>\n<meta property=\"og:type\" content=\"article\" \/>\n<meta property=\"og:title\" content=\"Surroundings - Les G\u00eetes de la Buissonni\u00e8re\" \/>\n<meta property=\"og:description\" content=\"&quot;Ard\u00e8che is a country that amazes its visitors and its inhabitants&quot; Open your eyes and admire the landscape puzzle of the Regional Natural Park of the Monts d&#8217;Ard\u00e8che. Philosophy 1 : Do not hesitate to ask me any advice for &hellip; Read More\" \/>\n<meta property=\"og:url\" content=\"https:\/\/www.gites-labuissonniere.com\/en\/to-discover-in-the-surroundings\/\" \/>\n<meta property=\"og:site_name\" content=\"Les G\u00eetes de la Buissonni\u00e8re\" \/>\n<meta property=\"article:modified_time\" content=\"2018-06-05T20:48:33+00:00\" \/>\n<meta name=\"twitter:card\" content=\"summary_large_image\" \/>\n<meta name=\"twitter:label1\" content=\"Est. reading time\" \/>\n\t<meta name=\"twitter:data1\" content=\"2 minutes\" \/>\n<script type=\"application\/ld+json\" class=\"yoast-schema-graph\">{\"@context\":\"https:\/\/schema.org\",\"@graph\":[{\"@type\":\"WebPage\",\"@id\":\"https:\/\/www.gites-labuissonniere.com\/en\/to-discover-in-the-surroundings\/\",\"url\":\"https:\/\/www.gites-labuissonniere.com\/en\/to-discover-in-the-surroundings\/\",\"name\":\"Surroundings - Les G\u00eetes de la Buissonni\u00e8re\",\"isPartOf\":{\"@id\":\"https:\/\/www.gites-labuissonniere.com\/fr\/#website\"},\"datePublished\":\"2017-12-02T01:05:00+00:00\",\"dateModified\":\"2018-06-05T20:48:33+00:00\",\"breadcrumb\":{\"@id\":\"https:\/\/www.gites-labuissonniere.com\/en\/to-discover-in-the-surroundings\/#breadcrumb\"},\"inLanguage\":\"en-US\",\"potentialAction\":[{\"@type\":\"ReadAction\",\"target\":[\"https:\/\/www.gites-labuissonniere.com\/en\/to-discover-in-the-surroundings\/\"]}]},{\"@type\":\"BreadcrumbList\",\"@id\":\"https:\/\/www.gites-labuissonniere.com\/en\/to-discover-in-the-surroundings\/#breadcrumb\",\"itemListElement\":[{\"@type\":\"ListItem\",\"position\":1,\"name\":\"Accueil\",\"item\":\"https:\/\/www.gites-labuissonniere.com\/fr\/\"},{\"@type\":\"ListItem\",\"position\":2,\"name\":\"Surroundings\"}]},{\"@type\":\"WebSite\",\"@id\":\"https:\/\/www.gites-labuissonniere.com\/fr\/#website\",\"url\":\"https:\/\/www.gites-labuissonniere.com\/fr\/\",\"name\":\"Les G\u00eetes de la Buissonni\u00e8re\",\"description\":\"\",\"publisher\":{\"@id\":\"https:\/\/www.gites-labuissonniere.com\/fr\/#organization\"},\"potentialAction\":[{\"@type\":\"SearchAction\",\"target\":{\"@type\":\"EntryPoint\",\"urlTemplate\":\"https:\/\/www.gites-labuissonniere.com\/fr\/?s={search_term_string}\"},\"query-input\":{\"@type\":\"PropertyValueSpecification\",\"valueRequired\":true,\"valueName\":\"search_term_string\"}}],\"inLanguage\":\"en-US\"},{\"@type\":\"Organization\",\"@id\":\"https:\/\/www.gites-labuissonniere.com\/fr\/#organization\",\"name\":\"Les G\u00eetes de la Buissonni\u00e8re\",\"url\":\"https:\/\/www.gites-labuissonniere.com\/fr\/\",\"logo\":{\"@type\":\"ImageObject\",\"inLanguage\":\"en-US\",\"@id\":\"https:\/\/www.gites-labuissonniere.com\/fr\/#\/schema\/logo\/image\/\",\"url\":\"https:\/\/www.gites-labuissonniere.com\/wp-content\/uploads\/2020\/04\/Untitled-design-1-e1749789425456.png\",\"contentUrl\":\"https:\/\/www.gites-labuissonniere.com\/wp-content\/uploads\/2020\/04\/Untitled-design-1-e1749789425456.png\",\"width\":500,\"height\":257,\"caption\":\"Les G\u00eetes de la Buissonni\u00e8re\"},\"image\":{\"@id\":\"https:\/\/www.gites-labuissonniere.com\/fr\/#\/schema\/logo\/image\/\"}}]}<\/script>\n<!-- \/ Yoast SEO plugin. -->","yoast_head_json":{"title":"Surroundings - Les G\u00eetes de la Buissonni\u00e8re","robots":{"index":"index","follow":"follow","max-snippet":"max-snippet:-1","max-image-preview":"max-image-preview:large","max-video-preview":"max-video-preview:-1"},"canonical":"https:\/\/www.gites-labuissonniere.com\/en\/to-discover-in-the-surroundings\/","og_locale":"en_US","og_type":"article","og_title":"Surroundings - Les G\u00eetes de la Buissonni\u00e8re","og_description":"&quot;Ard\u00e8che is a country that amazes its visitors and its inhabitants&quot; Open your eyes and admire the landscape puzzle of the Regional Natural Park of the Monts d&#8217;Ard\u00e8che. Philosophy 1 : Do not hesitate to ask me any advice for &hellip; Read More","og_url":"https:\/\/www.gites-labuissonniere.com\/en\/to-discover-in-the-surroundings\/","og_site_name":"Les G\u00eetes de la Buissonni\u00e8re","article_modified_time":"2018-06-05T20:48:33+00:00","twitter_card":"summary_large_image","twitter_misc":{"Est. reading time":"2 minutes"},"schema":{"@context":"https:\/\/schema.org","@graph":[{"@type":"WebPage","@id":"https:\/\/www.gites-labuissonniere.com\/en\/to-discover-in-the-surroundings\/","url":"https:\/\/www.gites-labuissonniere.com\/en\/to-discover-in-the-surroundings\/","name":"Surroundings - Les G\u00eetes de la Buissonni\u00e8re","isPartOf":{"@id":"https:\/\/www.gites-labuissonniere.com\/fr\/#website"},"datePublished":"2017-12-02T01:05:00+00:00","dateModified":"2018-06-05T20:48:33+00:00","breadcrumb":{"@id":"https:\/\/www.gites-labuissonniere.com\/en\/to-discover-in-the-surroundings\/#breadcrumb"},"inLanguage":"en-US","potentialAction":[{"@type":"ReadAction","target":["https:\/\/www.gites-labuissonniere.com\/en\/to-discover-in-the-surroundings\/"]}]},{"@type":"BreadcrumbList","@id":"https:\/\/www.gites-labuissonniere.com\/en\/to-discover-in-the-surroundings\/#breadcrumb","itemListElement":[{"@type":"ListItem","position":1,"name":"Accueil","item":"https:\/\/www.gites-labuissonniere.com\/fr\/"},{"@type":"ListItem","position":2,"name":"Surroundings"}]},{"@type":"WebSite","@id":"https:\/\/www.gites-labuissonniere.com\/fr\/#website","url":"https:\/\/www.gites-labuissonniere.com\/fr\/","name":"Les G\u00eetes de la Buissonni\u00e8re","description":"","publisher":{"@id":"https:\/\/www.gites-labuissonniere.com\/fr\/#organization"},"potentialAction":[{"@type":"SearchAction","target":{"@type":"EntryPoint","urlTemplate":"https:\/\/www.gites-labuissonniere.com\/fr\/?s={search_term_string}"},"query-input":{"@type":"PropertyValueSpecification","valueRequired":true,"valueName":"search_term_string"}}],"inLanguage":"en-US"},{"@type":"Organization","@id":"https:\/\/www.gites-labuissonniere.com\/fr\/#organization","name":"Les G\u00eetes de la Buissonni\u00e8re","url":"https:\/\/www.gites-labuissonniere.com\/fr\/","logo":{"@type":"ImageObject","inLanguage":"en-US","@id":"https:\/\/www.gites-labuissonniere.com\/fr\/#\/schema\/logo\/image\/","url":"https:\/\/www.gites-labuissonniere.com\/wp-content\/uploads\/2020\/04\/Untitled-design-1-e1749789425456.png","contentUrl":"https:\/\/www.gites-labuissonniere.com\/wp-content\/uploads\/2020\/04\/Untitled-design-1-e1749789425456.png","width":500,"height":257,"caption":"Les G\u00eetes de la Buissonni\u00e8re"},"image":{"@id":"https:\/\/www.gites-labuissonniere.com\/fr\/#\/schema\/logo\/image\/"}}]}},"_links":{"self":[{"href":"https:\/\/www.gites-labuissonniere.com\/en\/wp-json\/wp\/v2\/pages\/433","targetHints":{"allow":["GET"]}}],"collection":[{"href":"https:\/\/www.gites-labuissonniere.com\/en\/wp-json\/wp\/v2\/pages"}],"about":[{"href":"https:\/\/www.gites-labuissonniere.com\/en\/wp-json\/wp\/v2\/types\/page"}],"author":[{"embeddable":true,"href":"https:\/\/www.gites-labuissonniere.com\/en\/wp-json\/wp\/v2\/users\/1"}],"replies":[{"embeddable":true,"href":"https:\/\/www.gites-labuissonniere.com\/en\/wp-json\/wp\/v2\/comments?post=433"}],"version-history":[{"count":0,"href":"https:\/\/www.gites-labuissonniere.com\/en\/wp-json\/wp\/v2\/pages\/433\/revisions"}],"wp:attachment":[{"href":"https:\/\/www.gites-labuissonniere.com\/en\/wp-json\/wp\/v2\/media?parent=433"}],"curies":[{"name":"wp","href":"https:\/\/api.w.org\/{rel}","templated":true}]}}