{"id":169,"date":"2018-02-18T16:17:45","date_gmt":"2018-02-18T15:17:45","guid":{"rendered":"https:\/\/www.gites-labuissonniere.com\/?page_id=169"},"modified":"2025-06-07T11:19:09","modified_gmt":"2025-06-07T09:19:09","slug":"tarifs","status":"publish","type":"page","link":"https:\/\/www.gites-labuissonniere.com\/fr\/tarifs\/","title":{"rendered":"Salle des f\u00eates"},"content":{"rendered":"\t\t<div data-elementor-type=\"wp-post\" data-elementor-id=\"169\" class=\"elementor elementor-169\" data-elementor-post-type=\"page\">\n\t\t\t\t\t\t<section class=\"elementor-section elementor-top-section elementor-element elementor-element-3cf0adf elementor-section-boxed elementor-section-height-default elementor-section-height-default\" data-id=\"3cf0adf\" data-element_type=\"section\" data-e-type=\"section\">\n\t\t\t\t\t\t<div class=\"elementor-container elementor-column-gap-default\">\n\t\t\t\t\t<div class=\"elementor-column elementor-col-100 elementor-top-column elementor-element elementor-element-8227ac6\" data-id=\"8227ac6\" data-element_type=\"column\" data-e-type=\"column\">\n\t\t\t<div class=\"elementor-widget-wrap elementor-element-populated\">\n\t\t\t\t\t\t<div class=\"elementor-element elementor-element-15b6700 elementor-widget elementor-widget-image\" data-id=\"15b6700\" data-element_type=\"widget\" data-e-type=\"widget\" data-widget_type=\"image.default\">\n\t\t\t\t<div class=\"elementor-widget-container\">\n\t\t\t\t\t\t\t\t\t\t\t\t\t\t\t<img fetchpriority=\"high\" decoding=\"async\" width=\"1024\" height=\"725\" src=\"https:\/\/www.gites-labuissonniere.com\/wp-content\/uploads\/2025\/06\/Brochure-Salle-reception_page-0001-1024x725.jpg\" class=\"attachment-large size-large wp-image-1873\" alt=\"\" srcset=\"https:\/\/www.gites-labuissonniere.com\/wp-content\/uploads\/2025\/06\/Brochure-Salle-reception_page-0001-1024x725.jpg 1024w, https:\/\/www.gites-labuissonniere.com\/wp-content\/uploads\/2025\/06\/Brochure-Salle-reception_page-0001-300x212.jpg 300w, https:\/\/www.gites-labuissonniere.com\/wp-content\/uploads\/2025\/06\/Brochure-Salle-reception_page-0001-768x543.jpg 768w, https:\/\/www.gites-labuissonniere.com\/wp-content\/uploads\/2025\/06\/Brochure-Salle-reception_page-0001-1536x1087.jpg 1536w, https:\/\/www.gites-labuissonniere.com\/wp-content\/uploads\/2025\/06\/Brochure-Salle-reception_page-0001-113x80.jpg 113w, https:\/\/www.gites-labuissonniere.com\/wp-content\/uploads\/2025\/06\/Brochure-Salle-reception_page-0001-394x279.jpg 394w, https:\/\/www.gites-labuissonniere.com\/wp-content\/uploads\/2025\/06\/Brochure-Salle-reception_page-0001-915x647.jpg 915w, https:\/\/www.gites-labuissonniere.com\/wp-content\/uploads\/2025\/06\/Brochure-Salle-reception_page-0001-1240x877.jpg 1240w, https:\/\/www.gites-labuissonniere.com\/wp-content\/uploads\/2025\/06\/Brochure-Salle-reception_page-0001-1526x1080.jpg 1526w, https:\/\/www.gites-labuissonniere.com\/wp-content\/uploads\/2025\/06\/Brochure-Salle-reception_page-0001-59x42.jpg 59w, https:\/\/www.gites-labuissonniere.com\/wp-content\/uploads\/2025\/06\/Brochure-Salle-reception_page-0001.jpg 1754w\" sizes=\"(max-width: 1024px) 100vw, 1024px\" \/>\t\t\t\t\t\t\t\t\t\t\t\t\t\t\t<\/div>\n\t\t\t\t<\/div>\n\t\t\t\t\t<\/div>\n\t\t<\/div>\n\t\t\t\t\t<\/div>\n\t\t<\/section>\n\t\t\t\t<section class=\"elementor-section elementor-top-section elementor-element elementor-element-d68fb16 elementor-section-boxed elementor-section-height-default elementor-section-height-default\" data-id=\"d68fb16\" data-element_type=\"section\" data-e-type=\"section\">\n\t\t\t\t\t\t<div class=\"elementor-container elementor-column-gap-default\">\n\t\t\t\t\t<div class=\"elementor-column elementor-col-100 elementor-top-column elementor-element elementor-element-6049a76\" data-id=\"6049a76\" data-element_type=\"column\" data-e-type=\"column\">\n\t\t\t<div class=\"elementor-widget-wrap elementor-element-populated\">\n\t\t\t\t\t\t<div class=\"elementor-element elementor-element-c8f7b3c elementor-widget elementor-widget-image\" data-id=\"c8f7b3c\" data-element_type=\"widget\" data-e-type=\"widget\" data-widget_type=\"image.default\">\n\t\t\t\t<div class=\"elementor-widget-container\">\n\t\t\t\t\t\t\t\t\t\t\t\t\t\t\t<img decoding=\"async\" width=\"1024\" height=\"725\" src=\"https:\/\/www.gites-labuissonniere.com\/wp-content\/uploads\/2025\/06\/Brochure-Salle-reception_page-0002-1024x725.jpg\" class=\"attachment-large size-large wp-image-1875\" alt=\"\" srcset=\"https:\/\/www.gites-labuissonniere.com\/wp-content\/uploads\/2025\/06\/Brochure-Salle-reception_page-0002-1024x725.jpg 1024w, https:\/\/www.gites-labuissonniere.com\/wp-content\/uploads\/2025\/06\/Brochure-Salle-reception_page-0002-300x212.jpg 300w, https:\/\/www.gites-labuissonniere.com\/wp-content\/uploads\/2025\/06\/Brochure-Salle-reception_page-0002-768x543.jpg 768w, https:\/\/www.gites-labuissonniere.com\/wp-content\/uploads\/2025\/06\/Brochure-Salle-reception_page-0002-1536x1087.jpg 1536w, https:\/\/www.gites-labuissonniere.com\/wp-content\/uploads\/2025\/06\/Brochure-Salle-reception_page-0002-113x80.jpg 113w, https:\/\/www.gites-labuissonniere.com\/wp-content\/uploads\/2025\/06\/Brochure-Salle-reception_page-0002-394x279.jpg 394w, https:\/\/www.gites-labuissonniere.com\/wp-content\/uploads\/2025\/06\/Brochure-Salle-reception_page-0002-915x647.jpg 915w, https:\/\/www.gites-labuissonniere.com\/wp-content\/uploads\/2025\/06\/Brochure-Salle-reception_page-0002-1240x877.jpg 1240w, https:\/\/www.gites-labuissonniere.com\/wp-content\/uploads\/2025\/06\/Brochure-Salle-reception_page-0002-1526x1080.jpg 1526w, https:\/\/www.gites-labuissonniere.com\/wp-content\/uploads\/2025\/06\/Brochure-Salle-reception_page-0002-59x42.jpg 59w, https:\/\/www.gites-labuissonniere.com\/wp-content\/uploads\/2025\/06\/Brochure-Salle-reception_page-0002.jpg 1754w\" sizes=\"(max-width: 1024px) 100vw, 1024px\" \/>\t\t\t\t\t\t\t\t\t\t\t\t\t\t\t<\/div>\n\t\t\t\t<\/div>\n\t\t\t\t\t<\/div>\n\t\t<\/div>\n\t\t\t\t\t<\/div>\n\t\t<\/section>\n\t\t\t\t<\/div>\n\t\t","protected":false},"excerpt":{"rendered":"","protected":false},"author":1,"featured_media":0,"parent":0,"menu_order":13,"comment_status":"closed","ping_status":"closed","template":"","meta":{"footnotes":""},"class_list":["post-169","page","type-page","status-publish","hentry"],"yoast_head":"<!-- This site is optimized with the Yoast SEO plugin v27.2 - https:\/\/yoast.com\/product\/yoast-seo-wordpress\/ -->\n<title>Salle des f\u00eates - Les G\u00eetes de la Buissonni\u00e8re<\/title>\n<meta name=\"robots\" content=\"index, follow, max-snippet:-1, max-image-preview:large, max-video-preview:-1\" \/>\n<link rel=\"canonical\" href=\"https:\/\/www.gites-labuissonniere.com\/fr\/tarifs\/\" \/>\n<meta property=\"og:locale\" content=\"fr_FR\" \/>\n<meta property=\"og:type\" content=\"article\" \/>\n<meta property=\"og:title\" content=\"Salle des f\u00eates - Les G\u00eetes de la Buissonni\u00e8re\" \/>\n<meta property=\"og:url\" content=\"https:\/\/www.gites-labuissonniere.com\/fr\/tarifs\/\" \/>\n<meta property=\"og:site_name\" content=\"Les G\u00eetes de la Buissonni\u00e8re\" \/>\n<meta property=\"article:modified_time\" content=\"2025-06-07T09:19:09+00:00\" \/>\n<meta property=\"og:image\" content=\"https:\/\/www.gites-labuissonniere.com\/wp-content\/uploads\/2025\/06\/Brochure-Salle-reception_page-0001.jpg\" \/>\n\t<meta property=\"og:image:width\" content=\"1754\" \/>\n\t<meta property=\"og:image:height\" content=\"1241\" \/>\n\t<meta property=\"og:image:type\" content=\"image\/jpeg\" \/>\n<meta name=\"twitter:card\" content=\"summary_large_image\" \/>\n<meta name=\"twitter:label1\" content=\"Dur\u00e9e de lecture estim\u00e9e\" \/>\n\t<meta name=\"twitter:data1\" content=\"1 minute\" \/>\n<script type=\"application\/ld+json\" class=\"yoast-schema-graph\">{\"@context\":\"https:\/\/schema.org\",\"@graph\":[{\"@type\":\"WebPage\",\"@id\":\"https:\/\/www.gites-labuissonniere.com\/fr\/tarifs\/\",\"url\":\"https:\/\/www.gites-labuissonniere.com\/fr\/tarifs\/\",\"name\":\"Salle des f\u00eates - Les G\u00eetes de la Buissonni\u00e8re\",\"isPartOf\":{\"@id\":\"https:\/\/www.gites-labuissonniere.com\/fr\/#website\"},\"primaryImageOfPage\":{\"@id\":\"https:\/\/www.gites-labuissonniere.com\/fr\/tarifs\/#primaryimage\"},\"image\":{\"@id\":\"https:\/\/www.gites-labuissonniere.com\/fr\/tarifs\/#primaryimage\"},\"thumbnailUrl\":\"https:\/\/www.gites-labuissonniere.com\/wp-content\/uploads\/2025\/06\/Brochure-Salle-reception_page-0001-1024x725.jpg\",\"datePublished\":\"2018-02-18T15:17:45+00:00\",\"dateModified\":\"2025-06-07T09:19:09+00:00\",\"breadcrumb\":{\"@id\":\"https:\/\/www.gites-labuissonniere.com\/fr\/tarifs\/#breadcrumb\"},\"inLanguage\":\"fr-FR\",\"potentialAction\":[{\"@type\":\"ReadAction\",\"target\":[\"https:\/\/www.gites-labuissonniere.com\/fr\/tarifs\/\"]}]},{\"@type\":\"ImageObject\",\"inLanguage\":\"fr-FR\",\"@id\":\"https:\/\/www.gites-labuissonniere.com\/fr\/tarifs\/#primaryimage\",\"url\":\"https:\/\/www.gites-labuissonniere.com\/wp-content\/uploads\/2025\/06\/Brochure-Salle-reception_page-0001-1024x725.jpg\",\"contentUrl\":\"https:\/\/www.gites-labuissonniere.com\/wp-content\/uploads\/2025\/06\/Brochure-Salle-reception_page-0001-1024x725.jpg\"},{\"@type\":\"BreadcrumbList\",\"@id\":\"https:\/\/www.gites-labuissonniere.com\/fr\/tarifs\/#breadcrumb\",\"itemListElement\":[{\"@type\":\"ListItem\",\"position\":1,\"name\":\"Accueil\",\"item\":\"https:\/\/www.gites-labuissonniere.com\/fr\/\"},{\"@type\":\"ListItem\",\"position\":2,\"name\":\"Salle des f\u00eates\"}]},{\"@type\":\"WebSite\",\"@id\":\"https:\/\/www.gites-labuissonniere.com\/fr\/#website\",\"url\":\"https:\/\/www.gites-labuissonniere.com\/fr\/\",\"name\":\"Les G\u00eetes de la Buissonni\u00e8re\",\"description\":\"\",\"publisher\":{\"@id\":\"https:\/\/www.gites-labuissonniere.com\/fr\/#organization\"},\"potentialAction\":[{\"@type\":\"SearchAction\",\"target\":{\"@type\":\"EntryPoint\",\"urlTemplate\":\"https:\/\/www.gites-labuissonniere.com\/fr\/?s={search_term_string}\"},\"query-input\":{\"@type\":\"PropertyValueSpecification\",\"valueRequired\":true,\"valueName\":\"search_term_string\"}}],\"inLanguage\":\"fr-FR\"},{\"@type\":\"Organization\",\"@id\":\"https:\/\/www.gites-labuissonniere.com\/fr\/#organization\",\"name\":\"Les G\u00eetes de la Buissonni\u00e8re\",\"url\":\"https:\/\/www.gites-labuissonniere.com\/fr\/\",\"logo\":{\"@type\":\"ImageObject\",\"inLanguage\":\"fr-FR\",\"@id\":\"https:\/\/www.gites-labuissonniere.com\/fr\/#\/schema\/logo\/image\/\",\"url\":\"https:\/\/www.gites-labuissonniere.com\/wp-content\/uploads\/2020\/04\/Untitled-design-1-e1749789425456.png\",\"contentUrl\":\"https:\/\/www.gites-labuissonniere.com\/wp-content\/uploads\/2020\/04\/Untitled-design-1-e1749789425456.png\",\"width\":500,\"height\":257,\"caption\":\"Les G\u00eetes de la Buissonni\u00e8re\"},\"image\":{\"@id\":\"https:\/\/www.gites-labuissonniere.com\/fr\/#\/schema\/logo\/image\/\"}}]}<\/script>\n<!-- \/ Yoast SEO plugin. -->","yoast_head_json":{"title":"Salle des f\u00eates - Les G\u00eetes de la Buissonni\u00e8re","robots":{"index":"index","follow":"follow","max-snippet":"max-snippet:-1","max-image-preview":"max-image-preview:large","max-video-preview":"max-video-preview:-1"},"canonical":"https:\/\/www.gites-labuissonniere.com\/fr\/tarifs\/","og_locale":"fr_FR","og_type":"article","og_title":"Salle des f\u00eates - Les G\u00eetes de la Buissonni\u00e8re","og_url":"https:\/\/www.gites-labuissonniere.com\/fr\/tarifs\/","og_site_name":"Les G\u00eetes de la Buissonni\u00e8re","article_modified_time":"2025-06-07T09:19:09+00:00","og_image":[{"width":1754,"height":1241,"url":"https:\/\/www.gites-labuissonniere.com\/wp-content\/uploads\/2025\/06\/Brochure-Salle-reception_page-0001.jpg","type":"image\/jpeg"}],"twitter_card":"summary_large_image","twitter_misc":{"Dur\u00e9e de lecture estim\u00e9e":"1 minute"},"schema":{"@context":"https:\/\/schema.org","@graph":[{"@type":"WebPage","@id":"https:\/\/www.gites-labuissonniere.com\/fr\/tarifs\/","url":"https:\/\/www.gites-labuissonniere.com\/fr\/tarifs\/","name":"Salle des f\u00eates - Les G\u00eetes de la Buissonni\u00e8re","isPartOf":{"@id":"https:\/\/www.gites-labuissonniere.com\/fr\/#website"},"primaryImageOfPage":{"@id":"https:\/\/www.gites-labuissonniere.com\/fr\/tarifs\/#primaryimage"},"image":{"@id":"https:\/\/www.gites-labuissonniere.com\/fr\/tarifs\/#primaryimage"},"thumbnailUrl":"https:\/\/www.gites-labuissonniere.com\/wp-content\/uploads\/2025\/06\/Brochure-Salle-reception_page-0001-1024x725.jpg","datePublished":"2018-02-18T15:17:45+00:00","dateModified":"2025-06-07T09:19:09+00:00","breadcrumb":{"@id":"https:\/\/www.gites-labuissonniere.com\/fr\/tarifs\/#breadcrumb"},"inLanguage":"fr-FR","potentialAction":[{"@type":"ReadAction","target":["https:\/\/www.gites-labuissonniere.com\/fr\/tarifs\/"]}]},{"@type":"ImageObject","inLanguage":"fr-FR","@id":"https:\/\/www.gites-labuissonniere.com\/fr\/tarifs\/#primaryimage","url":"https:\/\/www.gites-labuissonniere.com\/wp-content\/uploads\/2025\/06\/Brochure-Salle-reception_page-0001-1024x725.jpg","contentUrl":"https:\/\/www.gites-labuissonniere.com\/wp-content\/uploads\/2025\/06\/Brochure-Salle-reception_page-0001-1024x725.jpg"},{"@type":"BreadcrumbList","@id":"https:\/\/www.gites-labuissonniere.com\/fr\/tarifs\/#breadcrumb","itemListElement":[{"@type":"ListItem","position":1,"name":"Accueil","item":"https:\/\/www.gites-labuissonniere.com\/fr\/"},{"@type":"ListItem","position":2,"name":"Salle des f\u00eates"}]},{"@type":"WebSite","@id":"https:\/\/www.gites-labuissonniere.com\/fr\/#website","url":"https:\/\/www.gites-labuissonniere.com\/fr\/","name":"Les G\u00eetes de la Buissonni\u00e8re","description":"","publisher":{"@id":"https:\/\/www.gites-labuissonniere.com\/fr\/#organization"},"potentialAction":[{"@type":"SearchAction","target":{"@type":"EntryPoint","urlTemplate":"https:\/\/www.gites-labuissonniere.com\/fr\/?s={search_term_string}"},"query-input":{"@type":"PropertyValueSpecification","valueRequired":true,"valueName":"search_term_string"}}],"inLanguage":"fr-FR"},{"@type":"Organization","@id":"https:\/\/www.gites-labuissonniere.com\/fr\/#organization","name":"Les G\u00eetes de la Buissonni\u00e8re","url":"https:\/\/www.gites-labuissonniere.com\/fr\/","logo":{"@type":"ImageObject","inLanguage":"fr-FR","@id":"https:\/\/www.gites-labuissonniere.com\/fr\/#\/schema\/logo\/image\/","url":"https:\/\/www.gites-labuissonniere.com\/wp-content\/uploads\/2020\/04\/Untitled-design-1-e1749789425456.png","contentUrl":"https:\/\/www.gites-labuissonniere.com\/wp-content\/uploads\/2020\/04\/Untitled-design-1-e1749789425456.png","width":500,"height":257,"caption":"Les G\u00eetes de la Buissonni\u00e8re"},"image":{"@id":"https:\/\/www.gites-labuissonniere.com\/fr\/#\/schema\/logo\/image\/"}}]}},"_links":{"self":[{"href":"https:\/\/www.gites-labuissonniere.com\/fr\/wp-json\/wp\/v2\/pages\/169","targetHints":{"allow":["GET"]}}],"collection":[{"href":"https:\/\/www.gites-labuissonniere.com\/fr\/wp-json\/wp\/v2\/pages"}],"about":[{"href":"https:\/\/www.gites-labuissonniere.com\/fr\/wp-json\/wp\/v2\/types\/page"}],"author":[{"embeddable":true,"href":"https:\/\/www.gites-labuissonniere.com\/fr\/wp-json\/wp\/v2\/users\/1"}],"replies":[{"embeddable":true,"href":"https:\/\/www.gites-labuissonniere.com\/fr\/wp-json\/wp\/v2\/comments?post=169"}],"version-history":[{"count":14,"href":"https:\/\/www.gites-labuissonniere.com\/fr\/wp-json\/wp\/v2\/pages\/169\/revisions"}],"predecessor-version":[{"id":1882,"href":"https:\/\/www.gites-labuissonniere.com\/fr\/wp-json\/wp\/v2\/pages\/169\/revisions\/1882"}],"wp:attachment":[{"href":"https:\/\/www.gites-labuissonniere.com\/fr\/wp-json\/wp\/v2\/media?parent=169"}],"curies":[{"name":"wp","href":"https:\/\/api.w.org\/{rel}","templated":true}]}}