{"id":56,"date":"2017-12-02T01:05:00","date_gmt":"2017-12-02T01:05:00","guid":{"rendered":"http:\/\/import.themovation.com\/bellevue2\/chalet\/?page_id=438"},"modified":"2020-05-22T17:12:04","modified_gmt":"2020-05-22T15:12:04","slug":"que-faire-en-ardeche","status":"publish","type":"page","link":"https:\/\/www.gites-labuissonniere.com\/fr\/que-faire-en-ardeche\/","title":{"rendered":"Carnet"},"content":{"rendered":"\t\t<div data-elementor-type=\"wp-post\" data-elementor-id=\"56\" class=\"elementor elementor-56\" data-elementor-post-type=\"page\">\n\t\t\t\t\t\t<section class=\"elementor-section elementor-top-section elementor-element elementor-element-3abe1d47 elementor-section-full_width elementor-section-height-min-height elementor-section-height-default elementor-section-items-middle\" data-id=\"3abe1d47\" data-element_type=\"section\" data-e-type=\"section\" data-settings=\"{&quot;background_background&quot;:&quot;classic&quot;}\">\n\t\t\t\t\t\t\t<div class=\"elementor-background-overlay\"><\/div>\n\t\t\t\t\t\t\t<div class=\"elementor-container elementor-column-gap-default\">\n\t\t\t\t\t<div class=\"elementor-column elementor-col-100 elementor-top-column elementor-element elementor-element-1cd780e3\" data-id=\"1cd780e3\" data-element_type=\"column\" data-e-type=\"column\">\n\t\t\t<div class=\"elementor-widget-wrap elementor-element-populated\">\n\t\t\t\t\t\t<div class=\"elementor-element elementor-element-367392ab elementor-widget elementor-widget-spacer\" data-id=\"367392ab\" data-element_type=\"widget\" data-e-type=\"widget\" data-widget_type=\"spacer.default\">\n\t\t\t\t<div class=\"elementor-widget-container\">\n\t\t\t\t\t\t\t<div class=\"elementor-spacer\">\n\t\t\t<div class=\"elementor-spacer-inner\"><\/div>\n\t\t<\/div>\n\t\t\t\t\t\t<\/div>\n\t\t\t\t<\/div>\n\t\t\t\t<div class=\"elementor-element elementor-element-2745faf1 elementor-view-default elementor-position-top elementor-invisible elementor-widget elementor-widget-themo-header\" data-id=\"2745faf1\" data-element_type=\"widget\" data-e-type=\"widget\" data-settings=\"{&quot;_animation&quot;:&quot;fadeIn&quot;}\" data-widget_type=\"themo-header.default\">\n\t\t\t\t<div class=\"elementor-widget-container\">\n\t\t\t\t\t\t\t<div class=\"th-header-wrap\">\n        <div class=\"elementor-icon-box-wrapper \">\n                            <div class=\"elementor-icon-box-content\">\n                    <h1 class=\"elementor-icon-box-title\">\n                        \u201cL\u2019Ard\u00e8che est un pays qui \u00e9merveille ses visiteurs et ses habitants\u201d                    <\/h1>\n                                        <p class=\"elementor-icon-box-description\"><\/p>\n\n                                    <\/div>\n            <\/div>\n\n        <\/div>\n\n\t\t\t\t\t\t<\/div>\n\t\t\t\t<\/div>\n\t\t\t\t\t<\/div>\n\t\t<\/div>\n\t\t\t\t\t<\/div>\n\t\t<\/section>\n\t\t\t\t<section class=\"elementor-section elementor-top-section elementor-element elementor-element-271846f elementor-section-boxed elementor-section-height-default elementor-section-height-default\" data-id=\"271846f\" data-element_type=\"section\" data-e-type=\"section\" data-settings=\"{&quot;background_background&quot;:&quot;classic&quot;}\">\n\t\t\t\t\t\t<div class=\"elementor-container elementor-column-gap-default\">\n\t\t\t\t\t<div class=\"elementor-column elementor-col-100 elementor-top-column elementor-element elementor-element-4debf21\" data-id=\"4debf21\" data-element_type=\"column\" data-e-type=\"column\">\n\t\t\t<div class=\"elementor-widget-wrap elementor-element-populated\">\n\t\t\t\t\t\t<div class=\"elementor-element elementor-element-6ec440c elementor-widget elementor-widget-text-editor\" data-id=\"6ec440c\" data-element_type=\"widget\" data-e-type=\"widget\" data-widget_type=\"text-editor.default\">\n\t\t\t\t<div class=\"elementor-widget-container\">\n\t\t\t\t\t\t\t\t\t<p><span style=\"font-weight: 400;\">\u00a0<\/span><\/p><p><span style=\"font-weight: 400;\">Ouvrez grands vos yeux et admirez le puzzle des paysages du Parc Naturel R\u00e9gional des Monts d\u2019Ard\u00e8che.<\/span><\/p><p style=\"padding-left: 30px;\"><span style=\"font-weight: 400;\">Philosophie <\/span><span style=\"font-weight: 400;\">1 : Ne pas h\u00e9siter \u00e0 me demander conseils pour vos visites<\/span><\/p><p style=\"padding-left: 30px;\"><span style=\"font-weight: 400;\">Philosophie <\/span><span style=\"font-weight: 400;\">2 : Ne pas tout planifier et se laisser surprendre par les activit\u00e9s du moment<\/span><\/p><p style=\"padding-left: 30px;\"><span style=\"font-weight: 400;\">Philosophie <\/span><span style=\"font-weight: 400;\">3 : osez, <\/span><span style=\"font-weight: 400;\">d\u00e9couvrez et profitez,<\/span><\/p><p>\u00a0<\/p><p>Les choses \u00e0 d\u00e9couvrir autour des g\u00eetes, o\u00f9 un peu plus loin en Ard\u00e8che:<\/p>\t\t\t\t\t\t\t\t<\/div>\n\t\t\t\t<\/div>\n\t\t\t\t<div class=\"elementor-element elementor-element-8bf4ec0 elementor-grid-3 elementor-grid-tablet-2 elementor-grid-mobile-1 elementor-posts--thumbnail-top elementor-posts--show-avatar elementor-card-shadow-yes elementor-posts__hover-gradient elementor-widget elementor-widget-posts\" data-id=\"8bf4ec0\" data-element_type=\"widget\" data-e-type=\"widget\" data-settings=\"{&quot;cards_columns&quot;:&quot;3&quot;,&quot;cards_columns_tablet&quot;:&quot;2&quot;,&quot;cards_columns_mobile&quot;:&quot;1&quot;,&quot;cards_row_gap&quot;:{&quot;unit&quot;:&quot;px&quot;,&quot;size&quot;:35,&quot;sizes&quot;:[]},&quot;cards_row_gap_tablet&quot;:{&quot;unit&quot;:&quot;px&quot;,&quot;size&quot;:&quot;&quot;,&quot;sizes&quot;:[]},&quot;cards_row_gap_mobile&quot;:{&quot;unit&quot;:&quot;px&quot;,&quot;size&quot;:&quot;&quot;,&quot;sizes&quot;:[]}}\" data-widget_type=\"posts.cards\">\n\t\t\t\t<div class=\"elementor-widget-container\">\n\t\t\t\t\t\t\t<div class=\"elementor-posts-container elementor-posts elementor-posts--skin-cards elementor-grid\">\n\t\t\t\t<article class=\"elementor-post elementor-grid-item post-833 post type-post status-publish format-standard has-post-thumbnail hentry category-carnet\">\n\t\t\t<div class=\"elementor-post__card\">\n\t\t\t\t<a class=\"elementor-post__thumbnail__link\" href=\"https:\/\/www.gites-labuissonniere.com\/fr\/le-deconfinement-en-pleine-nature-en-ardeche-les-gites-de-la-buissonniere\/\" tabindex=\"-1\" ><div class=\"elementor-post__thumbnail\"><img fetchpriority=\"high\" decoding=\"async\" width=\"300\" height=\"225\" src=\"https:\/\/www.gites-labuissonniere.com\/wp-content\/uploads\/2020\/05\/deconfinement-en-ardeche-1-300x225.jpg\" class=\"attachment-medium size-medium wp-image-852\" alt=\"Parking des g\u00eetes\" srcset=\"https:\/\/www.gites-labuissonniere.com\/wp-content\/uploads\/2020\/05\/deconfinement-en-ardeche-1-300x225.jpg 300w, https:\/\/www.gites-labuissonniere.com\/wp-content\/uploads\/2020\/05\/deconfinement-en-ardeche-1-768x576.jpg 768w, https:\/\/www.gites-labuissonniere.com\/wp-content\/uploads\/2020\/05\/deconfinement-en-ardeche-1-56x42.jpg 56w, https:\/\/www.gites-labuissonniere.com\/wp-content\/uploads\/2020\/05\/deconfinement-en-ardeche-1-107x80.jpg 107w, https:\/\/www.gites-labuissonniere.com\/wp-content\/uploads\/2020\/05\/deconfinement-en-ardeche-1-394x296.jpg 394w, https:\/\/www.gites-labuissonniere.com\/wp-content\/uploads\/2020\/05\/deconfinement-en-ardeche-1-915x686.jpg 915w, https:\/\/www.gites-labuissonniere.com\/wp-content\/uploads\/2020\/05\/deconfinement-en-ardeche-1.jpg 1024w\" sizes=\"(max-width: 300px) 100vw, 300px\" \/><\/div><\/a>\n\t\t\t\t<div class=\"elementor-post__badge\">Carnet<\/div>\n\t\t\t\t<div class=\"elementor-post__avatar\">\n\t\t\t\t\t<\/div>\n\t\t\t\t<div class=\"elementor-post__text\">\n\t\t\t\t<h3 class=\"elementor-post__title\">\n\t\t\t<a href=\"https:\/\/www.gites-labuissonniere.com\/fr\/le-deconfinement-en-pleine-nature-en-ardeche-les-gites-de-la-buissonniere\/\" >\n\t\t\t\tLe d\u00e9confinement en pleine nature en Ard\u00e8che : Les g\u00eetes de la Buissonni\u00e8re\t\t\t<\/a>\n\t\t<\/h3>\n\t\t\t\t<div class=\"elementor-post__excerpt\">\n\t\t\t<p>Nous sommes pass\u00e9s au vert S\u2019il y a bien une chose que cette p\u00e9riode de confinement nous aura fait r\u00e9aliser, bien que nous en \u00e9tions conscients, c\u2019est le luxe de vivre en pleine nature dans le bassin Ard\u00e9chois. Un d\u00e9confinement<\/p>\n\t\t<\/div>\n\t\t\n\t\t<a class=\"elementor-post__read-more\" href=\"https:\/\/www.gites-labuissonniere.com\/fr\/le-deconfinement-en-pleine-nature-en-ardeche-les-gites-de-la-buissonniere\/\" aria-label=\"En savoir plus sur Le d\u00e9confinement en pleine nature en Ard\u00e8che : Les g\u00eetes de la Buissonni\u00e8re\" tabindex=\"-1\" >\n\t\t\tRead More \u00bb\t\t<\/a>\n\n\t\t\t\t<\/div>\n\t\t\t\t\t<\/div>\n\t\t<\/article>\n\t\t\t\t<article class=\"elementor-post elementor-grid-item post-267 post type-post status-publish format-standard has-post-thumbnail hentry category-carnet\">\n\t\t\t<div class=\"elementor-post__card\">\n\t\t\t\t<a class=\"elementor-post__thumbnail__link\" href=\"https:\/\/www.gites-labuissonniere.com\/fr\/les-villes-en-ardeche\/\" tabindex=\"-1\" ><div class=\"elementor-post__thumbnail\"><img decoding=\"async\" width=\"300\" height=\"201\" src=\"https:\/\/www.gites-labuissonniere.com\/wp-content\/uploads\/2018\/03\/dsc-0015-jpg_00000030868r2r588gwv_l-300x201.jpg\" class=\"attachment-medium size-medium wp-image-273\" alt=\"\" srcset=\"https:\/\/www.gites-labuissonniere.com\/wp-content\/uploads\/2018\/03\/dsc-0015-jpg_00000030868r2r588gwv_l-300x201.jpg 300w, https:\/\/www.gites-labuissonniere.com\/wp-content\/uploads\/2018\/03\/dsc-0015-jpg_00000030868r2r588gwv_l-63x42.jpg 63w, https:\/\/www.gites-labuissonniere.com\/wp-content\/uploads\/2018\/03\/dsc-0015-jpg_00000030868r2r588gwv_l-119x80.jpg 119w, https:\/\/www.gites-labuissonniere.com\/wp-content\/uploads\/2018\/03\/dsc-0015-jpg_00000030868r2r588gwv_l-394x264.jpg 394w, https:\/\/www.gites-labuissonniere.com\/wp-content\/uploads\/2018\/03\/dsc-0015-jpg_00000030868r2r588gwv_l.jpg 700w\" sizes=\"(max-width: 300px) 100vw, 300px\" \/><\/div><\/a>\n\t\t\t\t<div class=\"elementor-post__badge\">Carnet<\/div>\n\t\t\t\t<div class=\"elementor-post__avatar\">\n\t\t\t\t\t<\/div>\n\t\t\t\t<div class=\"elementor-post__text\">\n\t\t\t\t<h3 class=\"elementor-post__title\">\n\t\t\t<a href=\"https:\/\/www.gites-labuissonniere.com\/fr\/les-villes-en-ardeche\/\" >\n\t\t\t\tO\u00f9 sont les plus beaux villages de caract\u00e8res en Ard\u00e8che ?\t\t\t<\/a>\n\t\t<\/h3>\n\t\t\t\t<div class=\"elementor-post__excerpt\">\n\t\t\t<p>L\u2019Ard\u00e8che compte \u00e0 ce jour 21 villages de caract\u00e8res. V\u00e9ritables t\u00e9moins de l\u2019histoire et du patrimoine Ard\u00e9chois, ils sont un \u201cmust see\u201d lors de votre s\u00e9jour aux g\u00eetes. La d\u00e9marche \u201cVillage de caract\u00e8res\u201d a \u00e9t\u00e9 initi\u00e9 1996 par le Conseil<\/p>\n\t\t<\/div>\n\t\t\n\t\t<a class=\"elementor-post__read-more\" href=\"https:\/\/www.gites-labuissonniere.com\/fr\/les-villes-en-ardeche\/\" aria-label=\"En savoir plus sur O\u00f9 sont les plus beaux villages de caract\u00e8res en Ard\u00e8che ?\" tabindex=\"-1\" >\n\t\t\tRead More \u00bb\t\t<\/a>\n\n\t\t\t\t<\/div>\n\t\t\t\t\t<\/div>\n\t\t<\/article>\n\t\t\t\t<article class=\"elementor-post elementor-grid-item post-264 post type-post status-publish format-standard hentry category-non-classifiee\">\n\t\t\t<div class=\"elementor-post__card\">\n\t\t\t\t<div class=\"elementor-post__text\">\n\t\t\t\t<h3 class=\"elementor-post__title\">\n\t\t\t<a href=\"https:\/\/www.gites-labuissonniere.com\/fr\/plus-loin-en-ardeche\/\" >\n\t\t\t\tPlus loin\t\t\t<\/a>\n\t\t<\/h3>\n\t\t\t\t<div class=\"elementor-post__excerpt\">\n\t\t\t<p>&nbsp; S&rsquo;\u00e9vader pour la journ\u00e9e Pendant un s\u00e9jour d&rsquo;une semaine ou plus vous pouvez \u00e9galement pousser plus loin votre d\u00e9couverte. La Bambouseraie d&rsquo;Anduze\u00a0: A faire en famille, acc\u00e8s pour tous les \u00e2ges, un \u00e9crin de verdure plein de po\u00e9sie. Chaque<\/p>\n\t\t<\/div>\n\t\t\n\t\t<a class=\"elementor-post__read-more\" href=\"https:\/\/www.gites-labuissonniere.com\/fr\/plus-loin-en-ardeche\/\" aria-label=\"En savoir plus sur Plus loin\" tabindex=\"-1\" >\n\t\t\tRead More \u00bb\t\t<\/a>\n\n\t\t\t\t<\/div>\n\t\t\t\t\t<\/div>\n\t\t<\/article>\n\t\t\t\t<article class=\"elementor-post elementor-grid-item post-256 post type-post status-publish format-standard hentry\">\n\t\t\t<div class=\"elementor-post__card\">\n\t\t\t\t<div class=\"elementor-post__text\">\n\t\t\t\t<h3 class=\"elementor-post__title\">\n\t\t\t<a href=\"https:\/\/www.gites-labuissonniere.com\/fr\/les-thermes-en-ardeche\/\" >\n\t\t\t\tLes Thermes\t\t\t<\/a>\n\t\t<\/h3>\n\t\t\t\t<div class=\"elementor-post__excerpt\">\n\t\t\t<p>&nbsp; Vals les Bains &amp; Neyrac les Bains Les deux stations thermales de Vals les Bains et de Neyrac les Bains proposent des cures thermales mais \u00e9galement des soins \u00e0 la carte. Vous pouvez choisir de faire un soin sur<\/p>\n\t\t<\/div>\n\t\t\n\t\t<a class=\"elementor-post__read-more\" href=\"https:\/\/www.gites-labuissonniere.com\/fr\/les-thermes-en-ardeche\/\" aria-label=\"En savoir plus sur Les Thermes\" tabindex=\"-1\" >\n\t\t\tRead More \u00bb\t\t<\/a>\n\n\t\t\t\t<\/div>\n\t\t\t\t\t<\/div>\n\t\t<\/article>\n\t\t\t\t<article class=\"elementor-post elementor-grid-item post-245 post type-post status-publish format-standard hentry\">\n\t\t\t<div class=\"elementor-post__card\">\n\t\t\t\t<div class=\"elementor-post__text\">\n\t\t\t\t<h3 class=\"elementor-post__title\">\n\t\t\t<a href=\"https:\/\/www.gites-labuissonniere.com\/fr\/a-decouvrir-en-ardeche\/\" >\n\t\t\t\tA d\u00e9couvrir\t\t\t<\/a>\n\t\t<\/h3>\n\t\t\t\t<div class=\"elementor-post__excerpt\">\n\t\t\t<p>Pendant votre s\u00e9jour vous aurez la possibilit\u00e9 de d\u00e9couvrir les richesses de la r\u00e9gion.Les reliefs accident\u00e9s laissent place \u00e0 des paysages magnifiques \u00e9t\u00e9 comme hiver.Le sud de l&rsquo;Ard\u00e9che avec le Pont d&rsquo;Arc, la Caverne du Pont d&rsquo;Arc, l&rsquo;Aven d&rsquo;Orgnac.Plus pr\u00e9s<\/p>\n\t\t<\/div>\n\t\t\n\t\t<a class=\"elementor-post__read-more\" href=\"https:\/\/www.gites-labuissonniere.com\/fr\/a-decouvrir-en-ardeche\/\" aria-label=\"En savoir plus sur A d\u00e9couvrir\" tabindex=\"-1\" >\n\t\t\tRead More \u00bb\t\t<\/a>\n\n\t\t\t\t<\/div>\n\t\t\t\t\t<\/div>\n\t\t<\/article>\n\t\t\t\t<article class=\"elementor-post elementor-grid-item post-2 post type-post status-publish format-standard hentry\">\n\t\t\t<div class=\"elementor-post__card\">\n\t\t\t\t<div class=\"elementor-post__text\">\n\t\t\t\t<h3 class=\"elementor-post__title\">\n\t\t\t<a href=\"https:\/\/www.gites-labuissonniere.com\/fr\/sports-en-ardeche\/\" >\n\t\t\t\tSports\t\t\t<\/a>\n\t\t<\/h3>\n\t\t\t\t<div class=\"elementor-post__excerpt\">\n\t\t\t<p>Quel que soit votre \u00e2ge ou votre condition physique vous trouverez en Ard\u00e8che un moyen de vous faire plaisir. Ballade depuis les g\u00eetes Cano\u00eb Canyoning Via ferrata Accrobranche Piscine Couverte Ski Raquette Karting<\/p>\n\t\t<\/div>\n\t\t\n\t\t<a class=\"elementor-post__read-more\" href=\"https:\/\/www.gites-labuissonniere.com\/fr\/sports-en-ardeche\/\" aria-label=\"En savoir plus sur Sports\" tabindex=\"-1\" >\n\t\t\tRead More \u00bb\t\t<\/a>\n\n\t\t\t\t<\/div>\n\t\t\t\t\t<\/div>\n\t\t<\/article>\n\t\t\t\t<\/div>\n\t\t\n\t\t\t\t\t\t<\/div>\n\t\t\t\t<\/div>\n\t\t\t\t\t<\/div>\n\t\t<\/div>\n\t\t\t\t\t<\/div>\n\t\t<\/section>\n\t\t\t\t<\/div>\n\t\t","protected":false},"excerpt":{"rendered":"<p>\u201cL\u2019Ard\u00e8che est un pays qui \u00e9merveille ses visiteurs et ses habitants\u201d \u00a0 Ouvrez grands vos yeux et admirez le puzzle des paysages du Parc Naturel R\u00e9gional des Monts d\u2019Ard\u00e8che. Philosophie 1 : Ne pas h\u00e9siter \u00e0 me demander conseils pour &hellip; <a href=\"https:\/\/www.gites-labuissonniere.com\/fr\/sports-en-ardeche\/\">Read More<\/a><\/p>\n","protected":false},"author":1,"featured_media":313,"parent":0,"menu_order":19,"comment_status":"closed","ping_status":"closed","template":"","meta":{"footnotes":""},"class_list":["post-56","page","type-page","status-publish","has-post-thumbnail","hentry"],"yoast_head":"<!-- This site is optimized with the Yoast SEO plugin v27.2 - https:\/\/yoast.com\/product\/yoast-seo-wordpress\/ -->\n<title>Carnet - Les G\u00eetes de la Buissonni\u00e8re<\/title>\n<meta name=\"description\" content=\"Que faire autour de nos g\u00eetes ? Venez d\u00e9couvrir les villages de caract\u00e8res, sport de nature, les thermes et la gastronomie vous trouverez votre bonheur\" \/>\n<meta name=\"robots\" content=\"index, follow, max-snippet:-1, max-image-preview:large, max-video-preview:-1\" \/>\n<link rel=\"canonical\" href=\"https:\/\/www.gites-labuissonniere.com\/fr\/que-faire-en-ardeche\/\" \/>\n<meta property=\"og:locale\" content=\"fr_FR\" \/>\n<meta property=\"og:type\" content=\"article\" \/>\n<meta property=\"og:title\" content=\"Carnet - Les G\u00eetes de la Buissonni\u00e8re\" \/>\n<meta property=\"og:description\" content=\"Que faire autour de nos g\u00eetes ? Venez d\u00e9couvrir les villages de caract\u00e8res, sport de nature, les thermes et la gastronomie vous trouverez votre bonheur\" \/>\n<meta property=\"og:url\" content=\"https:\/\/www.gites-labuissonniere.com\/fr\/que-faire-en-ardeche\/\" \/>\n<meta property=\"og:site_name\" content=\"Les G\u00eetes de la Buissonni\u00e8re\" \/>\n<meta property=\"article:modified_time\" content=\"2020-05-22T15:12:04+00:00\" \/>\n<meta property=\"og:image\" content=\"https:\/\/www.gites-labuissonniere.com\/wp-content\/uploads\/2018\/03\/IMG_20170922_190518_1.jpg\" \/>\n\t<meta property=\"og:image:width\" content=\"2000\" \/>\n\t<meta property=\"og:image:height\" content=\"1500\" \/>\n\t<meta property=\"og:image:type\" content=\"image\/jpeg\" \/>\n<meta name=\"twitter:card\" content=\"summary_large_image\" \/>\n<script type=\"application\/ld+json\" class=\"yoast-schema-graph\">{\"@context\":\"https:\/\/schema.org\",\"@graph\":[{\"@type\":\"WebPage\",\"@id\":\"https:\/\/www.gites-labuissonniere.com\/fr\/que-faire-en-ardeche\/\",\"url\":\"https:\/\/www.gites-labuissonniere.com\/fr\/que-faire-en-ardeche\/\",\"name\":\"Carnet - Les G\u00eetes de la Buissonni\u00e8re\",\"isPartOf\":{\"@id\":\"https:\/\/www.gites-labuissonniere.com\/fr\/#website\"},\"primaryImageOfPage\":{\"@id\":\"https:\/\/www.gites-labuissonniere.com\/fr\/que-faire-en-ardeche\/#primaryimage\"},\"image\":{\"@id\":\"https:\/\/www.gites-labuissonniere.com\/fr\/que-faire-en-ardeche\/#primaryimage\"},\"thumbnailUrl\":\"https:\/\/www.gites-labuissonniere.com\/wp-content\/uploads\/2018\/03\/IMG_20170922_190518_1.jpg\",\"datePublished\":\"2017-12-02T01:05:00+00:00\",\"dateModified\":\"2020-05-22T15:12:04+00:00\",\"description\":\"Que faire autour de nos g\u00eetes ? Venez d\u00e9couvrir les villages de caract\u00e8res, sport de nature, les thermes et la gastronomie vous trouverez votre bonheur\",\"breadcrumb\":{\"@id\":\"https:\/\/www.gites-labuissonniere.com\/fr\/que-faire-en-ardeche\/#breadcrumb\"},\"inLanguage\":\"fr-FR\",\"potentialAction\":[{\"@type\":\"ReadAction\",\"target\":[\"https:\/\/www.gites-labuissonniere.com\/fr\/que-faire-en-ardeche\/\"]}]},{\"@type\":\"ImageObject\",\"inLanguage\":\"fr-FR\",\"@id\":\"https:\/\/www.gites-labuissonniere.com\/fr\/que-faire-en-ardeche\/#primaryimage\",\"url\":\"https:\/\/www.gites-labuissonniere.com\/wp-content\/uploads\/2018\/03\/IMG_20170922_190518_1.jpg\",\"contentUrl\":\"https:\/\/www.gites-labuissonniere.com\/wp-content\/uploads\/2018\/03\/IMG_20170922_190518_1.jpg\",\"width\":2000,\"height\":1500,\"caption\":\"sdr\"},{\"@type\":\"BreadcrumbList\",\"@id\":\"https:\/\/www.gites-labuissonniere.com\/fr\/que-faire-en-ardeche\/#breadcrumb\",\"itemListElement\":[{\"@type\":\"ListItem\",\"position\":1,\"name\":\"Accueil\",\"item\":\"https:\/\/www.gites-labuissonniere.com\/fr\/\"},{\"@type\":\"ListItem\",\"position\":2,\"name\":\"Carnet\"}]},{\"@type\":\"WebSite\",\"@id\":\"https:\/\/www.gites-labuissonniere.com\/fr\/#website\",\"url\":\"https:\/\/www.gites-labuissonniere.com\/fr\/\",\"name\":\"Les G\u00eetes de la Buissonni\u00e8re\",\"description\":\"\",\"publisher\":{\"@id\":\"https:\/\/www.gites-labuissonniere.com\/fr\/#organization\"},\"potentialAction\":[{\"@type\":\"SearchAction\",\"target\":{\"@type\":\"EntryPoint\",\"urlTemplate\":\"https:\/\/www.gites-labuissonniere.com\/fr\/?s={search_term_string}\"},\"query-input\":{\"@type\":\"PropertyValueSpecification\",\"valueRequired\":true,\"valueName\":\"search_term_string\"}}],\"inLanguage\":\"fr-FR\"},{\"@type\":\"Organization\",\"@id\":\"https:\/\/www.gites-labuissonniere.com\/fr\/#organization\",\"name\":\"Les G\u00eetes de la Buissonni\u00e8re\",\"url\":\"https:\/\/www.gites-labuissonniere.com\/fr\/\",\"logo\":{\"@type\":\"ImageObject\",\"inLanguage\":\"fr-FR\",\"@id\":\"https:\/\/www.gites-labuissonniere.com\/fr\/#\/schema\/logo\/image\/\",\"url\":\"https:\/\/www.gites-labuissonniere.com\/wp-content\/uploads\/2020\/04\/Untitled-design-1-e1749789425456.png\",\"contentUrl\":\"https:\/\/www.gites-labuissonniere.com\/wp-content\/uploads\/2020\/04\/Untitled-design-1-e1749789425456.png\",\"width\":500,\"height\":257,\"caption\":\"Les G\u00eetes de la Buissonni\u00e8re\"},\"image\":{\"@id\":\"https:\/\/www.gites-labuissonniere.com\/fr\/#\/schema\/logo\/image\/\"}}]}<\/script>\n<!-- \/ Yoast SEO plugin. -->","yoast_head_json":{"title":"Carnet - Les G\u00eetes de la Buissonni\u00e8re","description":"Que faire autour de nos g\u00eetes ? Venez d\u00e9couvrir les villages de caract\u00e8res, sport de nature, les thermes et la gastronomie vous trouverez votre bonheur","robots":{"index":"index","follow":"follow","max-snippet":"max-snippet:-1","max-image-preview":"max-image-preview:large","max-video-preview":"max-video-preview:-1"},"canonical":"https:\/\/www.gites-labuissonniere.com\/fr\/que-faire-en-ardeche\/","og_locale":"fr_FR","og_type":"article","og_title":"Carnet - Les G\u00eetes de la Buissonni\u00e8re","og_description":"Que faire autour de nos g\u00eetes ? Venez d\u00e9couvrir les villages de caract\u00e8res, sport de nature, les thermes et la gastronomie vous trouverez votre bonheur","og_url":"https:\/\/www.gites-labuissonniere.com\/fr\/que-faire-en-ardeche\/","og_site_name":"Les G\u00eetes de la Buissonni\u00e8re","article_modified_time":"2020-05-22T15:12:04+00:00","og_image":[{"width":2000,"height":1500,"url":"https:\/\/www.gites-labuissonniere.com\/wp-content\/uploads\/2018\/03\/IMG_20170922_190518_1.jpg","type":"image\/jpeg"}],"twitter_card":"summary_large_image","schema":{"@context":"https:\/\/schema.org","@graph":[{"@type":"WebPage","@id":"https:\/\/www.gites-labuissonniere.com\/fr\/que-faire-en-ardeche\/","url":"https:\/\/www.gites-labuissonniere.com\/fr\/que-faire-en-ardeche\/","name":"Carnet - Les G\u00eetes de la Buissonni\u00e8re","isPartOf":{"@id":"https:\/\/www.gites-labuissonniere.com\/fr\/#website"},"primaryImageOfPage":{"@id":"https:\/\/www.gites-labuissonniere.com\/fr\/que-faire-en-ardeche\/#primaryimage"},"image":{"@id":"https:\/\/www.gites-labuissonniere.com\/fr\/que-faire-en-ardeche\/#primaryimage"},"thumbnailUrl":"https:\/\/www.gites-labuissonniere.com\/wp-content\/uploads\/2018\/03\/IMG_20170922_190518_1.jpg","datePublished":"2017-12-02T01:05:00+00:00","dateModified":"2020-05-22T15:12:04+00:00","description":"Que faire autour de nos g\u00eetes ? Venez d\u00e9couvrir les villages de caract\u00e8res, sport de nature, les thermes et la gastronomie vous trouverez votre bonheur","breadcrumb":{"@id":"https:\/\/www.gites-labuissonniere.com\/fr\/que-faire-en-ardeche\/#breadcrumb"},"inLanguage":"fr-FR","potentialAction":[{"@type":"ReadAction","target":["https:\/\/www.gites-labuissonniere.com\/fr\/que-faire-en-ardeche\/"]}]},{"@type":"ImageObject","inLanguage":"fr-FR","@id":"https:\/\/www.gites-labuissonniere.com\/fr\/que-faire-en-ardeche\/#primaryimage","url":"https:\/\/www.gites-labuissonniere.com\/wp-content\/uploads\/2018\/03\/IMG_20170922_190518_1.jpg","contentUrl":"https:\/\/www.gites-labuissonniere.com\/wp-content\/uploads\/2018\/03\/IMG_20170922_190518_1.jpg","width":2000,"height":1500,"caption":"sdr"},{"@type":"BreadcrumbList","@id":"https:\/\/www.gites-labuissonniere.com\/fr\/que-faire-en-ardeche\/#breadcrumb","itemListElement":[{"@type":"ListItem","position":1,"name":"Accueil","item":"https:\/\/www.gites-labuissonniere.com\/fr\/"},{"@type":"ListItem","position":2,"name":"Carnet"}]},{"@type":"WebSite","@id":"https:\/\/www.gites-labuissonniere.com\/fr\/#website","url":"https:\/\/www.gites-labuissonniere.com\/fr\/","name":"Les G\u00eetes de la Buissonni\u00e8re","description":"","publisher":{"@id":"https:\/\/www.gites-labuissonniere.com\/fr\/#organization"},"potentialAction":[{"@type":"SearchAction","target":{"@type":"EntryPoint","urlTemplate":"https:\/\/www.gites-labuissonniere.com\/fr\/?s={search_term_string}"},"query-input":{"@type":"PropertyValueSpecification","valueRequired":true,"valueName":"search_term_string"}}],"inLanguage":"fr-FR"},{"@type":"Organization","@id":"https:\/\/www.gites-labuissonniere.com\/fr\/#organization","name":"Les G\u00eetes de la Buissonni\u00e8re","url":"https:\/\/www.gites-labuissonniere.com\/fr\/","logo":{"@type":"ImageObject","inLanguage":"fr-FR","@id":"https:\/\/www.gites-labuissonniere.com\/fr\/#\/schema\/logo\/image\/","url":"https:\/\/www.gites-labuissonniere.com\/wp-content\/uploads\/2020\/04\/Untitled-design-1-e1749789425456.png","contentUrl":"https:\/\/www.gites-labuissonniere.com\/wp-content\/uploads\/2020\/04\/Untitled-design-1-e1749789425456.png","width":500,"height":257,"caption":"Les G\u00eetes de la Buissonni\u00e8re"},"image":{"@id":"https:\/\/www.gites-labuissonniere.com\/fr\/#\/schema\/logo\/image\/"}}]}},"_links":{"self":[{"href":"https:\/\/www.gites-labuissonniere.com\/fr\/wp-json\/wp\/v2\/pages\/56","targetHints":{"allow":["GET"]}}],"collection":[{"href":"https:\/\/www.gites-labuissonniere.com\/fr\/wp-json\/wp\/v2\/pages"}],"about":[{"href":"https:\/\/www.gites-labuissonniere.com\/fr\/wp-json\/wp\/v2\/types\/page"}],"author":[{"embeddable":true,"href":"https:\/\/www.gites-labuissonniere.com\/fr\/wp-json\/wp\/v2\/users\/1"}],"replies":[{"embeddable":true,"href":"https:\/\/www.gites-labuissonniere.com\/fr\/wp-json\/wp\/v2\/comments?post=56"}],"version-history":[{"count":6,"href":"https:\/\/www.gites-labuissonniere.com\/fr\/wp-json\/wp\/v2\/pages\/56\/revisions"}],"predecessor-version":[{"id":949,"href":"https:\/\/www.gites-labuissonniere.com\/fr\/wp-json\/wp\/v2\/pages\/56\/revisions\/949"}],"wp:featuredmedia":[{"embeddable":true,"href":"https:\/\/www.gites-labuissonniere.com\/fr\/wp-json\/wp\/v2\/media\/313"}],"wp:attachment":[{"href":"https:\/\/www.gites-labuissonniere.com\/fr\/wp-json\/wp\/v2\/media?parent=56"}],"curies":[{"name":"wp","href":"https:\/\/api.w.org\/{rel}","templated":true}]}}