{"id":61,"date":"2017-12-01T20:43:43","date_gmt":"2017-12-01T19:43:43","guid":{"rendered":"http:\/\/import.themovation.com\/bellevue2\/chalet\/?page_id=257"},"modified":"2026-01-10T13:17:42","modified_gmt":"2026-01-10T12:17:42","slug":"accueil","status":"publish","type":"page","link":"https:\/\/www.gites-labuissonniere.com\/fr\/","title":{"rendered":"Accueil"},"content":{"rendered":"\t\t<div data-elementor-type=\"wp-post\" data-elementor-id=\"61\" class=\"elementor elementor-61\" data-elementor-post-type=\"page\">\n\t\t\t\t\t\t<section class=\"elementor-section elementor-top-section elementor-element elementor-element-74f4b99 elementor-section-boxed elementor-section-height-default elementor-section-height-default\" data-id=\"74f4b99\" data-element_type=\"section\" data-e-type=\"section\">\n\t\t\t\t\t\t<div class=\"elementor-container elementor-column-gap-default\">\n\t\t\t\t\t<div class=\"elementor-column elementor-col-100 elementor-top-column elementor-element elementor-element-b999390\" data-id=\"b999390\" data-element_type=\"column\" data-e-type=\"column\">\n\t\t\t<div class=\"elementor-widget-wrap elementor-element-populated\">\n\t\t\t\t\t\t<div class=\"elementor-element elementor-element-2494930 elementor-widget elementor-widget-heading\" data-id=\"2494930\" data-element_type=\"widget\" data-e-type=\"widget\" data-widget_type=\"heading.default\">\n\t\t\t\t<div class=\"elementor-widget-container\">\n\t\t\t\t\t<h2 class=\"elementor-heading-title elementor-size-default\"><br>Les G\u00eetes de la Buissonni\u00e8re<\/h2>\t\t\t\t<\/div>\n\t\t\t\t<\/div>\n\t\t\t\t<div class=\"elementor-element elementor-element-38b5e20e elementor-widget elementor-widget-spacer\" data-id=\"38b5e20e\" data-element_type=\"widget\" data-e-type=\"widget\" data-widget_type=\"spacer.default\">\n\t\t\t\t<div class=\"elementor-widget-container\">\n\t\t\t\t\t\t\t<div class=\"elementor-spacer\">\n\t\t\t<div class=\"elementor-spacer-inner\"><\/div>\n\t\t<\/div>\n\t\t\t\t\t\t<\/div>\n\t\t\t\t<\/div>\n\t\t\t\t<div class=\"elementor-element elementor-element-fb273ef elementor--h-position-center elementor--v-position-middle elementor-arrows-position-inside elementor-pagination-position-inside elementor-widget elementor-widget-slides\" data-id=\"fb273ef\" data-element_type=\"widget\" data-e-type=\"widget\" data-settings=\"{&quot;navigation&quot;:&quot;both&quot;,&quot;autoplay&quot;:&quot;yes&quot;,&quot;pause_on_hover&quot;:&quot;yes&quot;,&quot;pause_on_interaction&quot;:&quot;yes&quot;,&quot;autoplay_speed&quot;:5000,&quot;infinite&quot;:&quot;yes&quot;,&quot;transition&quot;:&quot;slide&quot;,&quot;transition_speed&quot;:500}\" data-widget_type=\"slides.default\">\n\t\t\t\t<div class=\"elementor-widget-container\">\n\t\t\t\t\t\t\t\t\t<div class=\"elementor-swiper\">\n\t\t\t\t\t<div class=\"elementor-slides-wrapper elementor-main-swiper swiper\" role=\"region\" aria-roledescription=\"carousel\" aria-label=\"Diapositives\" dir=\"ltr\" data-animation=\"fadeInUp\">\n\t\t\t\t<div class=\"swiper-wrapper elementor-slides\">\n\t\t\t\t\t\t\t\t\t\t<div class=\"elementor-repeater-item-a64e1ae swiper-slide\" role=\"group\" aria-roledescription=\"slide\"><div class=\"swiper-slide-bg\" role=\"img\"><\/div><a class=\"swiper-slide-inner\" href=\"https:\/\/www.gites-labuissonniere.com\/fr\/contactez-nous\/\" target=\"_blank\"><div class=\"swiper-slide-contents\"><div class=\"elementor-slide-heading\">G\u00eetes de la Buissonni\u00e8re<\/div><div class=\"elementor-slide-description\">G\u00eetes ruraux<\/div><div  class=\"elementor-button elementor-slide-button elementor-size-sm\">Contactez nous<\/div><\/div><\/a><\/div><div class=\"elementor-repeater-item-9f2e475 swiper-slide\" role=\"group\" aria-roledescription=\"slide\"><div class=\"swiper-slide-bg\" role=\"img\"><\/div><div class=\"swiper-slide-inner\" ><div class=\"swiper-slide-contents\"><div class=\"elementor-slide-heading\">Vue panoramique<\/div><div class=\"elementor-slide-description\">Sur les hauteurs de Vals-les-bains<\/div><a href=\"https:\/\/conciergerie-valsoise.com\/fr\/gite-chat-perche\" class=\"elementor-button elementor-slide-button elementor-size-sm\">R\u00e9server<\/a><\/div><\/div><\/div><div class=\"elementor-repeater-item-540dd26 swiper-slide\" role=\"group\" aria-roledescription=\"slide\"><div class=\"swiper-slide-bg\" role=\"img\"><\/div><a class=\"swiper-slide-inner\" href=\"https:\/\/conciergerie-valsoise.com\/fr\/gite-colin-maillard\"><div class=\"swiper-slide-contents\"><div class=\"elementor-slide-heading\">Piscine<\/div><div class=\"elementor-slide-description\">Piscine chauff\u00e9e du 1er mai au 30 septembre<\/div><div  class=\"elementor-button elementor-slide-button elementor-size-sm\">R\u00e9server<\/div><\/div><\/a><\/div><div class=\"elementor-repeater-item-2b1d6fc swiper-slide\" role=\"group\" aria-roledescription=\"slide\"><div class=\"swiper-slide-bg\" role=\"img\"><\/div><a class=\"swiper-slide-inner\" href=\"https:\/\/conciergerie-valsoise.com\/fr\/gite-marelle\"><div class=\"swiper-slide-contents\"><div class=\"elementor-slide-heading\">Ping Pong<\/div><div class=\"elementor-slide-description\">Jeux en libre service gratuit<\/div><div  class=\"elementor-button elementor-slide-button elementor-size-sm\">Reserver<\/div><\/div><\/a><\/div><div class=\"elementor-repeater-item-e528222 swiper-slide\" role=\"group\" aria-roledescription=\"slide\"><div class=\"swiper-slide-bg\" role=\"img\"><\/div><a class=\"swiper-slide-inner\" href=\"https:\/\/conciergerie-valsoise.com\/fr\/gite-bilboquet\"><div class=\"swiper-slide-contents\"><div class=\"elementor-slide-heading\">Baby Foot<\/div><div class=\"elementor-slide-description\">Jeux gratuits p\u00e9tanque<\/div><div  class=\"elementor-button elementor-slide-button elementor-size-sm\">R\u00e9server<\/div><\/div><\/a><\/div>\t\t\t\t<\/div>\n\t\t\t\t\t\t\t\t\t\t\t\t\t\t\t<div class=\"elementor-swiper-button elementor-swiper-button-prev\" role=\"button\" tabindex=\"0\" aria-label=\"Diapositive pr\u00e9c\u00e9dente\">\n\t\t\t\t\t\t\t<i aria-hidden=\"true\" class=\"eicon-chevron-left\"><\/i>\t\t\t\t\t\t<\/div>\n\t\t\t\t\t\t<div class=\"elementor-swiper-button elementor-swiper-button-next\" role=\"button\" tabindex=\"0\" aria-label=\"Diapositive suivante\">\n\t\t\t\t\t\t\t<i aria-hidden=\"true\" class=\"eicon-chevron-right\"><\/i>\t\t\t\t\t\t<\/div>\n\t\t\t\t\t\t\t\t\t\t\t\t\t\t\t\t<div class=\"swiper-pagination\"><\/div>\n\t\t\t\t\t\t\t\t\t\t\t\t<\/div>\n\t\t\t\t<\/div>\n\t\t\t\t\t\t\t\t<\/div>\n\t\t\t\t<\/div>\n\t\t\t\t<div class=\"elementor-element elementor-element-1f0b0a1 elementor-widget elementor-widget-text-editor\" data-id=\"1f0b0a1\" data-element_type=\"widget\" data-e-type=\"widget\" data-widget_type=\"text-editor.default\">\n\t\t\t\t<div class=\"elementor-widget-container\">\n\t\t\t\t\t\t\t\t\t<p class=\"elementor-icon-box-description\">En Ard\u00e8che m\u00e9ridionale, avec vue panoramique du Mont Ventoux au Massif du Tanargue, profitez d\u2019une ancienne \u00e9cole communale r\u00e9nov\u00e9e. Celle du hameau d\u2019Oubreyts sur les hauteurs de Vals-les-Bains.<\/p><p class=\"elementor-icon-box-description\">Un programme vaste et vari\u00e9 s\u2019offre \u00e0 vous. Vous l\u2019organiserez \u00e0 votre rythme, selon vos go\u00fbts et vos centres d\u2019int\u00e9r\u00eats.<\/p><p class=\"elementor-icon-box-description\">Si votre premier s\u00e9jour dans nos g\u00eetes est trop court, le redoublement dans cette \u00e9cole n\u2019est pas un probl\u00e8me. Au contraire, il vous permettra de d\u00e9couvrir un peu plus les tr\u00e9sors de notre r\u00e9gion lors d\u2019une future vill\u00e9giature.<\/p><p class=\"elementor-icon-box-description\">D\u00e9couvrez l\u2019Ard\u00e8che et savourez vos vacances dans nos g\u00eetes confortables et chaleureux, tous climatis\u00e9s.<\/p><p class=\"elementor-icon-box-description\">\u00a0<\/p>\t\t\t\t\t\t\t\t<\/div>\n\t\t\t\t<\/div>\n\t\t\t\t<div class=\"elementor-element elementor-element-b9d586e elementor-widget elementor-widget-html\" data-id=\"b9d586e\" data-element_type=\"widget\" data-e-type=\"widget\" data-widget_type=\"html.default\">\n\t\t\t\t<div class=\"elementor-widget-container\">\n\t\t\t\t\t<iframe\n  width=\"800\"\n  height=\"600\"\n  src=\"https:\/\/www.youtube.com\/embed\/nuFa9O2Rm7U?autoplay=0\"\n  frameborder=\"0\"\n  allow=\"accelerometer; autoplay; encrypted-media; gyroscope; picture-in-picture\"\n  allowfullscreen\n  title=\"G\u00eetes de la Buissonni\u00e8re dans les airs\"\n><\/iframe>\t\t\t\t<\/div>\n\t\t\t\t<\/div>\n\t\t\t\t<div class=\"elementor-element elementor-element-5139a64a elementor-widget elementor-widget-spacer\" data-id=\"5139a64a\" data-element_type=\"widget\" data-e-type=\"widget\" data-widget_type=\"spacer.default\">\n\t\t\t\t<div class=\"elementor-widget-container\">\n\t\t\t\t\t\t\t<div class=\"elementor-spacer\">\n\t\t\t<div class=\"elementor-spacer-inner\"><\/div>\n\t\t<\/div>\n\t\t\t\t\t\t<\/div>\n\t\t\t\t<\/div>\n\t\t\t\t\t<\/div>\n\t\t<\/div>\n\t\t\t\t\t<\/div>\n\t\t<\/section>\n\t\t\t\t<section class=\"elementor-section elementor-top-section elementor-element elementor-element-017bd3e elementor-section-full_width elementor-section-height-default elementor-section-height-default\" data-id=\"017bd3e\" data-element_type=\"section\" data-e-type=\"section\">\n\t\t\t\t\t\t<div class=\"elementor-container elementor-column-gap-default\">\n\t\t\t\t\t\t<\/div>\n\t\t<\/section>\n\t\t\t\t<section class=\"elementor-section elementor-top-section elementor-element elementor-element-260c6e2 elementor-section-boxed elementor-section-height-default elementor-section-height-default\" data-id=\"260c6e2\" data-element_type=\"section\" data-e-type=\"section\">\n\t\t\t\t\t\t<div class=\"elementor-container elementor-column-gap-default\">\n\t\t\t\t\t<div class=\"elementor-column elementor-col-100 elementor-top-column elementor-element elementor-element-cb9b8a4\" data-id=\"cb9b8a4\" data-element_type=\"column\" data-e-type=\"column\">\n\t\t\t<div class=\"elementor-widget-wrap elementor-element-populated\">\n\t\t\t\t\t\t<div class=\"elementor-element elementor-element-43516a9 elementor-widget elementor-widget-text-editor\" data-id=\"43516a9\" data-element_type=\"widget\" data-e-type=\"widget\" data-widget_type=\"text-editor.default\">\n\t\t\t\t<div class=\"elementor-widget-container\">\n\t\t\t\t\t\t\t\t\t<p class=\"p1\">Petite fille du dernier instituteur de cette \u00e9cole du hameau, j\u2019ai eu l\u2019opportunit\u00e9 d&rsquo;acqu\u00e9rir cette \u00e9cole dans laquelle j\u2019accueille des vacanciers tout au long de l\u2019ann\u00e9e. J\u2019ai plaisir \u00e0 vous faire d\u00e9couvrir et appr\u00e9cier cette r\u00e9gion de l\u2019Ard\u00e8che authentique et nature.\u00a0<\/p><p class=\"p1\">N\u2019h\u00e9sitez pas \u00e0 me contacter.<\/p><p class=\"p1\">Marie<\/p>\t\t\t\t\t\t\t\t<\/div>\n\t\t\t\t<\/div>\n\t\t\t\t\t<\/div>\n\t\t<\/div>\n\t\t\t\t\t<\/div>\n\t\t<\/section>\n\t\t\t\t<\/div>\n\t\t","protected":false},"excerpt":{"rendered":"<p>Les G\u00eetes de la Buissonni\u00e8re G\u00eetes de la Buissonni\u00e8reG\u00eetes rurauxContactez nousVue panoramiqueSur les hauteurs de Vals-les-bainsR\u00e9serverPiscinePiscine chauff\u00e9e du 1er mai au 30 septembreR\u00e9serverPing PongJeux en libre service gratuitReserverBaby FootJeux gratuits p\u00e9tanqueR\u00e9server En Ard\u00e8che m\u00e9ridionale, avec vue panoramique du Mont Ventoux &hellip; <a href=\"https:\/\/www.gites-labuissonniere.com\/fr\/\">Read More<\/a><\/p>\n","protected":false},"author":1,"featured_media":0,"parent":0,"menu_order":16,"comment_status":"closed","ping_status":"closed","template":"","meta":{"footnotes":""},"class_list":["post-61","page","type-page","status-publish","hentry"],"yoast_head":"<!-- This site is optimized with the Yoast SEO plugin v27.2 - https:\/\/yoast.com\/product\/yoast-seo-wordpress\/ -->\n<title>Accueil - Les G\u00eetes de la Buissonni\u00e8re<\/title>\n<meta name=\"robots\" content=\"index, follow, max-snippet:-1, max-image-preview:large, max-video-preview:-1\" \/>\n<link rel=\"canonical\" href=\"https:\/\/www.gites-labuissonniere.com\/fr\/\" \/>\n<meta property=\"og:locale\" content=\"fr_FR\" \/>\n<meta property=\"og:type\" content=\"article\" \/>\n<meta property=\"og:title\" content=\"Accueil - Les G\u00eetes de la Buissonni\u00e8re\" \/>\n<meta property=\"og:description\" content=\"Les G\u00eetes de la Buissonni\u00e8re G\u00eetes de la Buissonni\u00e8reG\u00eetes rurauxContactez nousVue panoramiqueSur les hauteurs de Vals-les-bainsR\u00e9serverPiscinePiscine chauff\u00e9e du 1er mai au 30 septembreR\u00e9serverPing PongJeux en libre service gratuitReserverBaby FootJeux gratuits p\u00e9tanqueR\u00e9server En Ard\u00e8che m\u00e9ridionale, avec vue panoramique du Mont Ventoux &hellip; Read More\" \/>\n<meta property=\"og:url\" content=\"https:\/\/www.gites-labuissonniere.com\/fr\/\" \/>\n<meta property=\"og:site_name\" content=\"Les G\u00eetes de la Buissonni\u00e8re\" \/>\n<meta property=\"article:modified_time\" content=\"2026-01-10T12:17:42+00:00\" \/>\n<meta name=\"twitter:card\" content=\"summary_large_image\" \/>\n<meta name=\"twitter:label1\" content=\"Dur\u00e9e de lecture estim\u00e9e\" \/>\n\t<meta name=\"twitter:data1\" content=\"2 minutes\" \/>\n<script type=\"application\/ld+json\" class=\"yoast-schema-graph\">{\"@context\":\"https:\/\/schema.org\",\"@graph\":[{\"@type\":\"WebPage\",\"@id\":\"https:\/\/www.gites-labuissonniere.com\/fr\/\",\"url\":\"https:\/\/www.gites-labuissonniere.com\/fr\/\",\"name\":\"Accueil - Les G\u00eetes de la Buissonni\u00e8re\",\"isPartOf\":{\"@id\":\"https:\/\/www.gites-labuissonniere.com\/fr\/#website\"},\"datePublished\":\"2017-12-01T19:43:43+00:00\",\"dateModified\":\"2026-01-10T12:17:42+00:00\",\"breadcrumb\":{\"@id\":\"https:\/\/www.gites-labuissonniere.com\/fr\/#breadcrumb\"},\"inLanguage\":\"fr-FR\",\"potentialAction\":[{\"@type\":\"ReadAction\",\"target\":[\"https:\/\/www.gites-labuissonniere.com\/fr\/\"]}]},{\"@type\":\"BreadcrumbList\",\"@id\":\"https:\/\/www.gites-labuissonniere.com\/fr\/#breadcrumb\",\"itemListElement\":[{\"@type\":\"ListItem\",\"position\":1,\"name\":\"Accueil\",\"item\":\"https:\/\/www.gites-labuissonniere.com\/fr\/\"},{\"@type\":\"ListItem\",\"position\":2,\"name\":\"Accueil\"}]},{\"@type\":\"WebSite\",\"@id\":\"https:\/\/www.gites-labuissonniere.com\/fr\/#website\",\"url\":\"https:\/\/www.gites-labuissonniere.com\/fr\/\",\"name\":\"Les G\u00eetes de la Buissonni\u00e8re\",\"description\":\"\",\"publisher\":{\"@id\":\"https:\/\/www.gites-labuissonniere.com\/fr\/#organization\"},\"potentialAction\":[{\"@type\":\"SearchAction\",\"target\":{\"@type\":\"EntryPoint\",\"urlTemplate\":\"https:\/\/www.gites-labuissonniere.com\/fr\/?s={search_term_string}\"},\"query-input\":{\"@type\":\"PropertyValueSpecification\",\"valueRequired\":true,\"valueName\":\"search_term_string\"}}],\"inLanguage\":\"fr-FR\"},{\"@type\":\"Organization\",\"@id\":\"https:\/\/www.gites-labuissonniere.com\/fr\/#organization\",\"name\":\"Les G\u00eetes de la Buissonni\u00e8re\",\"url\":\"https:\/\/www.gites-labuissonniere.com\/fr\/\",\"logo\":{\"@type\":\"ImageObject\",\"inLanguage\":\"fr-FR\",\"@id\":\"https:\/\/www.gites-labuissonniere.com\/fr\/#\/schema\/logo\/image\/\",\"url\":\"https:\/\/www.gites-labuissonniere.com\/wp-content\/uploads\/2020\/04\/Untitled-design-1-e1749789425456.png\",\"contentUrl\":\"https:\/\/www.gites-labuissonniere.com\/wp-content\/uploads\/2020\/04\/Untitled-design-1-e1749789425456.png\",\"width\":500,\"height\":257,\"caption\":\"Les G\u00eetes de la Buissonni\u00e8re\"},\"image\":{\"@id\":\"https:\/\/www.gites-labuissonniere.com\/fr\/#\/schema\/logo\/image\/\"}}]}<\/script>\n<!-- \/ Yoast SEO plugin. -->","yoast_head_json":{"title":"Accueil - Les G\u00eetes de la Buissonni\u00e8re","robots":{"index":"index","follow":"follow","max-snippet":"max-snippet:-1","max-image-preview":"max-image-preview:large","max-video-preview":"max-video-preview:-1"},"canonical":"https:\/\/www.gites-labuissonniere.com\/fr\/","og_locale":"fr_FR","og_type":"article","og_title":"Accueil - Les G\u00eetes de la Buissonni\u00e8re","og_description":"Les G\u00eetes de la Buissonni\u00e8re G\u00eetes de la Buissonni\u00e8reG\u00eetes rurauxContactez nousVue panoramiqueSur les hauteurs de Vals-les-bainsR\u00e9serverPiscinePiscine chauff\u00e9e du 1er mai au 30 septembreR\u00e9serverPing PongJeux en libre service gratuitReserverBaby FootJeux gratuits p\u00e9tanqueR\u00e9server En Ard\u00e8che m\u00e9ridionale, avec vue panoramique du Mont Ventoux &hellip; Read More","og_url":"https:\/\/www.gites-labuissonniere.com\/fr\/","og_site_name":"Les G\u00eetes de la Buissonni\u00e8re","article_modified_time":"2026-01-10T12:17:42+00:00","twitter_card":"summary_large_image","twitter_misc":{"Dur\u00e9e de lecture estim\u00e9e":"2 minutes"},"schema":{"@context":"https:\/\/schema.org","@graph":[{"@type":"WebPage","@id":"https:\/\/www.gites-labuissonniere.com\/fr\/","url":"https:\/\/www.gites-labuissonniere.com\/fr\/","name":"Accueil - Les G\u00eetes de la Buissonni\u00e8re","isPartOf":{"@id":"https:\/\/www.gites-labuissonniere.com\/fr\/#website"},"datePublished":"2017-12-01T19:43:43+00:00","dateModified":"2026-01-10T12:17:42+00:00","breadcrumb":{"@id":"https:\/\/www.gites-labuissonniere.com\/fr\/#breadcrumb"},"inLanguage":"fr-FR","potentialAction":[{"@type":"ReadAction","target":["https:\/\/www.gites-labuissonniere.com\/fr\/"]}]},{"@type":"BreadcrumbList","@id":"https:\/\/www.gites-labuissonniere.com\/fr\/#breadcrumb","itemListElement":[{"@type":"ListItem","position":1,"name":"Accueil","item":"https:\/\/www.gites-labuissonniere.com\/fr\/"},{"@type":"ListItem","position":2,"name":"Accueil"}]},{"@type":"WebSite","@id":"https:\/\/www.gites-labuissonniere.com\/fr\/#website","url":"https:\/\/www.gites-labuissonniere.com\/fr\/","name":"Les G\u00eetes de la Buissonni\u00e8re","description":"","publisher":{"@id":"https:\/\/www.gites-labuissonniere.com\/fr\/#organization"},"potentialAction":[{"@type":"SearchAction","target":{"@type":"EntryPoint","urlTemplate":"https:\/\/www.gites-labuissonniere.com\/fr\/?s={search_term_string}"},"query-input":{"@type":"PropertyValueSpecification","valueRequired":true,"valueName":"search_term_string"}}],"inLanguage":"fr-FR"},{"@type":"Organization","@id":"https:\/\/www.gites-labuissonniere.com\/fr\/#organization","name":"Les G\u00eetes de la Buissonni\u00e8re","url":"https:\/\/www.gites-labuissonniere.com\/fr\/","logo":{"@type":"ImageObject","inLanguage":"fr-FR","@id":"https:\/\/www.gites-labuissonniere.com\/fr\/#\/schema\/logo\/image\/","url":"https:\/\/www.gites-labuissonniere.com\/wp-content\/uploads\/2020\/04\/Untitled-design-1-e1749789425456.png","contentUrl":"https:\/\/www.gites-labuissonniere.com\/wp-content\/uploads\/2020\/04\/Untitled-design-1-e1749789425456.png","width":500,"height":257,"caption":"Les G\u00eetes de la Buissonni\u00e8re"},"image":{"@id":"https:\/\/www.gites-labuissonniere.com\/fr\/#\/schema\/logo\/image\/"}}]}},"_links":{"self":[{"href":"https:\/\/www.gites-labuissonniere.com\/fr\/wp-json\/wp\/v2\/pages\/61","targetHints":{"allow":["GET"]}}],"collection":[{"href":"https:\/\/www.gites-labuissonniere.com\/fr\/wp-json\/wp\/v2\/pages"}],"about":[{"href":"https:\/\/www.gites-labuissonniere.com\/fr\/wp-json\/wp\/v2\/types\/page"}],"author":[{"embeddable":true,"href":"https:\/\/www.gites-labuissonniere.com\/fr\/wp-json\/wp\/v2\/users\/1"}],"replies":[{"embeddable":true,"href":"https:\/\/www.gites-labuissonniere.com\/fr\/wp-json\/wp\/v2\/comments?post=61"}],"version-history":[{"count":46,"href":"https:\/\/www.gites-labuissonniere.com\/fr\/wp-json\/wp\/v2\/pages\/61\/revisions"}],"predecessor-version":[{"id":2078,"href":"https:\/\/www.gites-labuissonniere.com\/fr\/wp-json\/wp\/v2\/pages\/61\/revisions\/2078"}],"wp:attachment":[{"href":"https:\/\/www.gites-labuissonniere.com\/fr\/wp-json\/wp\/v2\/media?parent=61"}],"curies":[{"name":"wp","href":"https:\/\/api.w.org\/{rel}","templated":true}]}}