{"id":68,"date":"2017-05-31T05:05:41","date_gmt":"2017-05-31T05:05:41","guid":{"rendered":"http:\/\/import.themovation.com\/embark\/walking-tours\/?page_id=167"},"modified":"2025-05-30T18:11:54","modified_gmt":"2025-05-30T16:11:54","slug":"contactez-nous","status":"publish","type":"page","link":"https:\/\/www.gites-labuissonniere.com\/fr\/contactez-nous\/","title":{"rendered":"Contactez nous"},"content":{"rendered":"\t\t<div data-elementor-type=\"wp-post\" data-elementor-id=\"68\" class=\"elementor elementor-68\" data-elementor-post-type=\"page\">\n\t\t\t\t\t\t<section class=\"elementor-section elementor-top-section elementor-element elementor-element-9diqe2l elementor-section-full_width elementor-section-height-default elementor-section-height-default\" data-id=\"9diqe2l\" data-element_type=\"section\" data-e-type=\"section\">\n\t\t\t\t\t\t<div class=\"elementor-container elementor-column-gap-no\">\n\t\t\t\t\t<div class=\"elementor-column elementor-col-100 elementor-top-column elementor-element elementor-element-euwlt2i\" data-id=\"euwlt2i\" data-element_type=\"column\" data-e-type=\"column\">\n\t\t\t<div class=\"elementor-widget-wrap elementor-element-populated\">\n\t\t\t\t\t\t<div class=\"elementor-element elementor-element-ohffcno elementor-widget elementor-widget-themo-google-maps\" data-id=\"ohffcno\" data-element_type=\"widget\" data-e-type=\"widget\" data-widget_type=\"themo-google-maps.default\">\n\t\t\t\t<div class=\"elementor-widget-container\">\n\t\t\t\t\t        <div class=\"container th-gmap-wrap\">\n            <div class=\"map-info\">\n                <h3 class=\"th-map-title\">Les G\u00eetes de la Buissonni\u00e8re<\/h3>\n                <div class='th-gmap-address'><p>Oubreyts,<br \/>\n07600 Vals-les-Bains,<br \/>\nFrance<\/p>\n<\/div>\n                \n                \n            <\/div>\n        <\/div>\n\n\t\t<div class=\"th-map\" id=\"th-map-1\" data-map-latitude=\"44.674291\" data-map-longitude=\"4.323373\" data-map-zoom=\"12\" data-map-scroll=\"false\" data-map-style=''><\/div>\n\n\n\t\t\t\t\t\t<\/div>\n\t\t\t\t<\/div>\n\t\t\t\t<div class=\"elementor-element elementor-element-2e96c4e elementor-widget elementor-widget-spacer\" data-id=\"2e96c4e\" data-element_type=\"widget\" data-e-type=\"widget\" data-widget_type=\"spacer.default\">\n\t\t\t\t<div class=\"elementor-widget-container\">\n\t\t\t\t\t\t\t<div class=\"elementor-spacer\">\n\t\t\t<div class=\"elementor-spacer-inner\"><\/div>\n\t\t<\/div>\n\t\t\t\t\t\t<\/div>\n\t\t\t\t<\/div>\n\t\t\t\t\t<\/div>\n\t\t<\/div>\n\t\t\t\t\t<\/div>\n\t\t<\/section>\n\t\t\t\t<section class=\"elementor-section elementor-top-section elementor-element elementor-element-qgk6sn0 elementor-section-boxed elementor-section-height-default elementor-section-height-default\" data-id=\"qgk6sn0\" data-element_type=\"section\" data-e-type=\"section\" data-settings=\"{&quot;background_background&quot;:&quot;classic&quot;}\">\n\t\t\t\t\t\t<div class=\"elementor-container elementor-column-gap-default\">\n\t\t\t\t\t<div class=\"elementor-column elementor-col-100 elementor-top-column elementor-element elementor-element-uaw4tj7\" data-id=\"uaw4tj7\" data-element_type=\"column\" data-e-type=\"column\">\n\t\t\t<div class=\"elementor-widget-wrap elementor-element-populated\">\n\t\t\t\t\t\t<div class=\"elementor-element elementor-element-l1yaoi4 elementor-view-default elementor-position-top elementor-widget elementor-widget-themo-header\" data-id=\"l1yaoi4\" data-element_type=\"widget\" data-e-type=\"widget\" data-widget_type=\"themo-header.default\">\n\t\t\t\t<div class=\"elementor-widget-container\">\n\t\t\t\t\t\t\t<div class=\"th-header-wrap\">\n        <div class=\"elementor-icon-box-wrapper \">\n                            <div class=\"elementor-icon-box-content\">\n                    <h1 class=\"elementor-icon-box-title\">\n                        Contactez nous                    <\/h1>\n                                        <p class=\"elementor-icon-box-description\">Remplissez le formulaire suivant pour effectuer une pr\u00e9-r\u00e9servation (sans engagement) ou pour obtenir plus de renseignements. Nous vous re-contacterons dans les plus bref d\u00e9lais.<\/p>\n\n                                    <\/div>\n            <\/div>\n\n        <\/div>\n\n\t\t\t\t\t\t<\/div>\n\t\t\t\t<\/div>\n\t\t\t\t\t<\/div>\n\t\t<\/div>\n\t\t\t\t\t<\/div>\n\t\t<\/section>\n\t\t\t\t<section class=\"elementor-section elementor-top-section elementor-element elementor-element-o7twky5 elementor-section-boxed elementor-section-height-default elementor-section-height-default\" data-id=\"o7twky5\" data-element_type=\"section\" data-e-type=\"section\">\n\t\t\t\t\t\t<div class=\"elementor-container elementor-column-gap-extended\">\n\t\t\t\t\t<div class=\"elementor-column elementor-col-50 elementor-top-column elementor-element elementor-element-xcn0qg2\" data-id=\"xcn0qg2\" data-element_type=\"column\" data-e-type=\"column\">\n\t\t\t<div class=\"elementor-widget-wrap elementor-element-populated\">\n\t\t\t\t\t\t<div class=\"elementor-element elementor-element-chif2hj elementor-widget elementor-widget-spacer\" data-id=\"chif2hj\" data-element_type=\"widget\" data-e-type=\"widget\" data-widget_type=\"spacer.default\">\n\t\t\t\t<div class=\"elementor-widget-container\">\n\t\t\t\t\t\t\t<div class=\"elementor-spacer\">\n\t\t\t<div class=\"elementor-spacer-inner\"><\/div>\n\t\t<\/div>\n\t\t\t\t\t\t<\/div>\n\t\t\t\t<\/div>\n\t\t\t\t<div class=\"elementor-element elementor-element-kfel6yx elementor-position-left elementor-view-default elementor-widget elementor-widget-themo-service-block\" data-id=\"kfel6yx\" data-element_type=\"widget\" data-e-type=\"widget\" data-widget_type=\"themo-service-block.default\">\n\t\t\t\t<div class=\"elementor-widget-container\">\n\t\t\t\t\t\t\t<div class=\"th-service-block-w\">\n            <div class=\"elementor-icon-box-wrapper th-show-icon\">\n                                    <div class=\"elementor-icon-box-icon th-icon-size-sm\">\n                        <a class=\"elementor-icon \" href=\"tel:0651604278\">\n                            <i class=\"th-linea icon-basic-smartphone\" aria-hidden=\"true\"><\/i>                        <\/a>\n                    <\/div>\n                                <div class=\"elementor-icon-box-content\">\n                    <h4 class=\"elementor-icon-box-title\">\n                        <a href=\"tel:0651604278\">06 51 60 42 78<\/a>\n                    <\/h4>\n                    <p class=\"elementor-icon-box-description\"><\/p>\n                <\/div>\n            <\/div>\n\n        <\/div>\n\n\t\t\t\t\t\t<\/div>\n\t\t\t\t<\/div>\n\t\t\t\t<div class=\"elementor-element elementor-element-5p7axkt elementor-widget elementor-widget-spacer\" data-id=\"5p7axkt\" data-element_type=\"widget\" data-e-type=\"widget\" data-widget_type=\"spacer.default\">\n\t\t\t\t<div class=\"elementor-widget-container\">\n\t\t\t\t\t\t\t<div class=\"elementor-spacer\">\n\t\t\t<div class=\"elementor-spacer-inner\"><\/div>\n\t\t<\/div>\n\t\t\t\t\t\t<\/div>\n\t\t\t\t<\/div>\n\t\t\t\t<div class=\"elementor-element elementor-element-pinzlyz elementor-position-left elementor-view-default elementor-widget elementor-widget-themo-service-block\" data-id=\"pinzlyz\" data-element_type=\"widget\" data-e-type=\"widget\" data-widget_type=\"themo-service-block.default\">\n\t\t\t\t<div class=\"elementor-widget-container\">\n\t\t\t\t\t\t\t<div class=\"th-service-block-w\">\n            <div class=\"elementor-icon-box-wrapper th-show-icon\">\n                                    <div class=\"elementor-icon-box-icon th-icon-size-sm\">\n                        <a class=\"elementor-icon \" href=\"mailto:contact@gites-labuissonniere.com\">\n                            <i class=\"th-linea icon-basic-mail\" aria-hidden=\"true\"><\/i>                        <\/a>\n                    <\/div>\n                                <div class=\"elementor-icon-box-content\">\n                    <h4 class=\"elementor-icon-box-title\">\n                        <a href=\"mailto:contact@gites-labuissonniere.com\">contact@gites-labuissonniere.com<\/a>\n                    <\/h4>\n                    <p class=\"elementor-icon-box-description\"><\/p>\n                <\/div>\n            <\/div>\n\n        <\/div>\n\n\t\t\t\t\t\t<\/div>\n\t\t\t\t<\/div>\n\t\t\t\t\t<\/div>\n\t\t<\/div>\n\t\t\t\t<div class=\"elementor-column elementor-col-50 elementor-top-column elementor-element elementor-element-mfjhgsy\" data-id=\"mfjhgsy\" data-element_type=\"column\" data-e-type=\"column\">\n\t\t\t<div class=\"elementor-widget-wrap elementor-element-populated\">\n\t\t\t\t\t\t<div class=\"elementor-element elementor-element-3luh5i2 elementor-widget elementor-widget-themo-formidable-form\" data-id=\"3luh5i2\" data-element_type=\"widget\" data-e-type=\"widget\" data-widget_type=\"themo-formidable-form.default\">\n\t\t\t\t<div class=\"elementor-widget-container\">\n\t\t\t\t\t            <div class=\"th-fo-form  th-form-default  th-btn-form btn-standard-primary-form\"><div class=\"frm_forms  with_frm_style frm_style_formidable-style\" id=\"frm_form_4_container\" >\n<form enctype=\"multipart\/form-data\" method=\"post\" class=\"frm-show-form \" id=\"form_contact3\" >\n<div class=\"frm_form_fields \">\n<fieldset>\n\r\n<div class=\"frm_fields_container\">\n<input type=\"hidden\" name=\"frm_action\" value=\"create\" \/>\n<input type=\"hidden\" name=\"form_id\" value=\"4\" \/>\n<input type=\"hidden\" name=\"frm_hide_fields_4\" id=\"frm_hide_fields_4\" value=\"\" \/>\n<input type=\"hidden\" name=\"form_key\" value=\"contact3\" \/>\n<input type=\"hidden\" name=\"item_meta[0]\" value=\"\" \/>\n<input type=\"hidden\" id=\"frm_submit_entry_4\" name=\"frm_submit_entry_4\" value=\"51f5fb3e2a\" \/><input type=\"hidden\" name=\"_wp_http_referer\" value=\"\/fr\/wp-json\/wp\/v2\/pages\/68\" \/><div id=\"frm_field_14_container\" class=\"frm_form_field form-field  frm_required_field frm_none_container frm_full\">\r\n    <label for=\"field_xipbjr3\" class=\"frm_primary_label\">Name\r\n        <span class=\"frm_required\">*<\/span>\r\n    <\/label>\r\n    <input type=\"text\" id=\"field_xipbjr3\" name=\"item_meta[14]\" value=\"\"  placeholder=\"Nom\" data-reqmsg=\"Name cannot be blank.\" aria-required=\"true\" data-invmsg=\"Name est non valide\" aria-invalid=\"false\"  \/>\r\n    \r\n    \r\n<\/div>\n<div id=\"frm_field_15_container\" class=\"frm_form_field form-field  frm_required_field frm_none_container frm_full\">\r\n    <label for=\"field_jaehy83\" class=\"frm_primary_label\">Email\r\n        <span class=\"frm_required\">*<\/span>\r\n    <\/label>\r\n    <input type=\"text\" id=\"field_jaehy83\" name=\"item_meta[15]\" value=\"\"  placeholder=\"Email\" data-reqmsg=\"Email cannot be blank.\" aria-required=\"true\" data-invmsg=\"Email est non valide\" aria-invalid=\"false\"  \/>\r\n    \r\n    \r\n<\/div>\n<div id=\"frm_field_16_container\" class=\"frm_form_field form-field  frm_none_container frm_full\">\r\n    <label for=\"field_cqpguu3\" class=\"frm_primary_label\">Phone\r\n        <span class=\"frm_required\"><\/span>\r\n    <\/label>\r\n    <input type=\"text\" id=\"field_cqpguu3\" name=\"item_meta[16]\" value=\"\"  placeholder=\"T\u00e9l\u00e9phone\" data-invmsg=\"Phone est non valide\" aria-invalid=\"false\"  \/>\r\n    \r\n    \r\n<\/div>\n<div id=\"frm_field_17_container\" class=\"frm_form_field form-field  frm_required_field frm_none_container frm_full\">\r\n    <label for=\"field_w7ueyk3\" class=\"frm_primary_label\">Subject\r\n        <span class=\"frm_required\">*<\/span>\r\n    <\/label>\r\n    <input type=\"text\" id=\"field_w7ueyk3\" name=\"item_meta[17]\" value=\"\"  placeholder=\"Sujet\" data-reqmsg=\"Subject cannot be blank.\" aria-required=\"true\" data-invmsg=\"Subject est non valide\" aria-invalid=\"false\"  \/>\r\n    \r\n    \r\n<\/div>\n<div id=\"frm_field_18_container\" class=\"frm_form_field form-field  frm_required_field frm_none_container frm_full\">\r\n    <label for=\"field_kggkvh3\" class=\"frm_primary_label\">Message\r\n        <span class=\"frm_required\">*<\/span>\r\n    <\/label>\r\n    <textarea name=\"item_meta[18]\" id=\"field_kggkvh3\" rows=\"5\"  placeholder=\"Message\" data-reqmsg=\"Message cannot be blank.\" aria-required=\"true\" data-invmsg=\"Message est non valide\" aria-invalid=\"false\"  ><\/textarea>\r\n    \r\n    \r\n<\/div>\n<div id=\"frm_field_57_container\" class=\"frm_form_field form-field  frm_none_container\">\r\n    <label  class=\"frm_primary_label\">S\u00e9curit\u00e9 anti robot\r\n        <span class=\"frm_required\"><\/span>\r\n    <\/label>\r\n    <div  id=\"field_khsbo\" class=\"g-recaptcha\" data-sitekey=\"6Le8eFcUAAAAAP92-Wolz5osfXd6BMD-v0cYvNey\" data-size=\"normal\" data-theme=\"light\"><\/div>\r\n    \r\n    \r\n<\/div>\n\t<input type=\"hidden\" name=\"item_key\" value=\"\" \/>\n\t\t\t<div id=\"frm_field_62_container\">\n\t\t\t<label for=\"field_gsnam\" >\n\t\t\t\tSi vous \u00eates un humain, ne remplissez pas ce champ.\t\t\t<\/label>\n\t\t\t<input  id=\"field_gsnam\" type=\"text\" class=\"frm_form_field form-field frm_verify\" name=\"item_meta[62]\" value=\"\"  \/>\n\t\t<\/div>\n\t\t<input name=\"frm_state\" type=\"hidden\" value=\"+e8DZwj+nB+ZxspZksy\/TuEjKDetV5F4kxMm2oiQYt4=\" \/><div class=\"frm_submit\">\r\n\r\n<input type=\"submit\" value=\"Envoyer\"  \/>\r\n<img decoding=\"async\" class=\"frm_ajax_loading\" src=\"https:\/\/www.gites-labuissonniere.com\/wp-content\/plugins\/formidable\/images\/ajax_loader.gif\" alt=\"Sending\" style=\"visibility:hidden;\" \/>\r\n\r\n<\/div><\/div>\n<\/fieldset>\n<\/div>\n\n<\/form>\n<\/div>\n<\/div>\n            \t\t\t\t<\/div>\n\t\t\t\t<\/div>\n\t\t\t\t\t<\/div>\n\t\t<\/div>\n\t\t\t\t\t<\/div>\n\t\t<\/section>\n\t\t\t\t<\/div>\n\t\t","protected":false},"excerpt":{"rendered":"<p>Les G\u00eetes de la Buissonni\u00e8re Oubreyts, 07600 Vals-les-Bains, France Contactez nous Remplissez le formulaire suivant pour effectuer une pr\u00e9-r\u00e9servation (sans engagement) ou pour obtenir plus de renseignements. Nous vous re-contacterons dans les plus bref d\u00e9lais. 06 51 60 42 78 &hellip; <a href=\"https:\/\/www.gites-labuissonniere.com\/fr\/contactez-nous\/\">Read More<\/a><\/p>\n","protected":false},"author":1,"featured_media":0,"parent":0,"menu_order":27,"comment_status":"closed","ping_status":"closed","template":"","meta":{"footnotes":""},"class_list":["post-68","page","type-page","status-publish","hentry"],"yoast_head":"<!-- This site is optimized with the Yoast SEO plugin v27.2 - https:\/\/yoast.com\/product\/yoast-seo-wordpress\/ -->\n<title>Contactez nous - Les G\u00eetes de la Buissonni\u00e8re<\/title>\n<meta name=\"robots\" content=\"index, follow, max-snippet:-1, max-image-preview:large, max-video-preview:-1\" \/>\n<link rel=\"canonical\" href=\"https:\/\/www.gites-labuissonniere.com\/fr\/contactez-nous\/\" \/>\n<meta property=\"og:locale\" content=\"fr_FR\" \/>\n<meta property=\"og:type\" content=\"article\" \/>\n<meta property=\"og:title\" content=\"Contactez nous - Les G\u00eetes de la Buissonni\u00e8re\" \/>\n<meta property=\"og:description\" content=\"Les G\u00eetes de la Buissonni\u00e8re Oubreyts, 07600 Vals-les-Bains, France Contactez nous Remplissez le formulaire suivant pour effectuer une pr\u00e9-r\u00e9servation (sans engagement) ou pour obtenir plus de renseignements. Nous vous re-contacterons dans les plus bref d\u00e9lais. 06 51 60 42 78 &hellip; Read More\" \/>\n<meta property=\"og:url\" content=\"https:\/\/www.gites-labuissonniere.com\/fr\/contactez-nous\/\" \/>\n<meta property=\"og:site_name\" content=\"Les G\u00eetes de la Buissonni\u00e8re\" \/>\n<meta property=\"article:modified_time\" content=\"2025-05-30T16:11:54+00:00\" \/>\n<meta property=\"og:image\" content=\"https:\/\/www.gites-labuissonniere.com\/wp-content\/plugins\/formidable\/images\/ajax_loader.gif\" \/>\n<meta name=\"twitter:card\" content=\"summary_large_image\" \/>\n<meta name=\"twitter:label1\" content=\"Dur\u00e9e de lecture estim\u00e9e\" \/>\n\t<meta name=\"twitter:data1\" content=\"1 minute\" \/>\n<script type=\"application\/ld+json\" class=\"yoast-schema-graph\">{\"@context\":\"https:\/\/schema.org\",\"@graph\":[{\"@type\":\"WebPage\",\"@id\":\"https:\/\/www.gites-labuissonniere.com\/fr\/contactez-nous\/\",\"url\":\"https:\/\/www.gites-labuissonniere.com\/fr\/contactez-nous\/\",\"name\":\"Contactez nous - Les G\u00eetes de la Buissonni\u00e8re\",\"isPartOf\":{\"@id\":\"https:\/\/www.gites-labuissonniere.com\/fr\/#website\"},\"primaryImageOfPage\":{\"@id\":\"https:\/\/www.gites-labuissonniere.com\/fr\/contactez-nous\/#primaryimage\"},\"image\":{\"@id\":\"https:\/\/www.gites-labuissonniere.com\/fr\/contactez-nous\/#primaryimage\"},\"thumbnailUrl\":\"https:\/\/www.gites-labuissonniere.com\/wp-content\/plugins\/formidable\/images\/ajax_loader.gif\",\"datePublished\":\"2017-05-31T05:05:41+00:00\",\"dateModified\":\"2025-05-30T16:11:54+00:00\",\"breadcrumb\":{\"@id\":\"https:\/\/www.gites-labuissonniere.com\/fr\/contactez-nous\/#breadcrumb\"},\"inLanguage\":\"fr-FR\",\"potentialAction\":[{\"@type\":\"ReadAction\",\"target\":[\"https:\/\/www.gites-labuissonniere.com\/fr\/contactez-nous\/\"]}]},{\"@type\":\"ImageObject\",\"inLanguage\":\"fr-FR\",\"@id\":\"https:\/\/www.gites-labuissonniere.com\/fr\/contactez-nous\/#primaryimage\",\"url\":\"https:\/\/www.gites-labuissonniere.com\/wp-content\/plugins\/formidable\/images\/ajax_loader.gif\",\"contentUrl\":\"https:\/\/www.gites-labuissonniere.com\/wp-content\/plugins\/formidable\/images\/ajax_loader.gif\"},{\"@type\":\"BreadcrumbList\",\"@id\":\"https:\/\/www.gites-labuissonniere.com\/fr\/contactez-nous\/#breadcrumb\",\"itemListElement\":[{\"@type\":\"ListItem\",\"position\":1,\"name\":\"Accueil\",\"item\":\"https:\/\/www.gites-labuissonniere.com\/fr\/\"},{\"@type\":\"ListItem\",\"position\":2,\"name\":\"Contactez nous\"}]},{\"@type\":\"WebSite\",\"@id\":\"https:\/\/www.gites-labuissonniere.com\/fr\/#website\",\"url\":\"https:\/\/www.gites-labuissonniere.com\/fr\/\",\"name\":\"Les G\u00eetes de la Buissonni\u00e8re\",\"description\":\"\",\"publisher\":{\"@id\":\"https:\/\/www.gites-labuissonniere.com\/fr\/#organization\"},\"potentialAction\":[{\"@type\":\"SearchAction\",\"target\":{\"@type\":\"EntryPoint\",\"urlTemplate\":\"https:\/\/www.gites-labuissonniere.com\/fr\/?s={search_term_string}\"},\"query-input\":{\"@type\":\"PropertyValueSpecification\",\"valueRequired\":true,\"valueName\":\"search_term_string\"}}],\"inLanguage\":\"fr-FR\"},{\"@type\":\"Organization\",\"@id\":\"https:\/\/www.gites-labuissonniere.com\/fr\/#organization\",\"name\":\"Les G\u00eetes de la Buissonni\u00e8re\",\"url\":\"https:\/\/www.gites-labuissonniere.com\/fr\/\",\"logo\":{\"@type\":\"ImageObject\",\"inLanguage\":\"fr-FR\",\"@id\":\"https:\/\/www.gites-labuissonniere.com\/fr\/#\/schema\/logo\/image\/\",\"url\":\"https:\/\/www.gites-labuissonniere.com\/wp-content\/uploads\/2020\/04\/Untitled-design-1-e1749789425456.png\",\"contentUrl\":\"https:\/\/www.gites-labuissonniere.com\/wp-content\/uploads\/2020\/04\/Untitled-design-1-e1749789425456.png\",\"width\":500,\"height\":257,\"caption\":\"Les G\u00eetes de la Buissonni\u00e8re\"},\"image\":{\"@id\":\"https:\/\/www.gites-labuissonniere.com\/fr\/#\/schema\/logo\/image\/\"}}]}<\/script>\n<!-- \/ Yoast SEO plugin. -->","yoast_head_json":{"title":"Contactez nous - Les G\u00eetes de la Buissonni\u00e8re","robots":{"index":"index","follow":"follow","max-snippet":"max-snippet:-1","max-image-preview":"max-image-preview:large","max-video-preview":"max-video-preview:-1"},"canonical":"https:\/\/www.gites-labuissonniere.com\/fr\/contactez-nous\/","og_locale":"fr_FR","og_type":"article","og_title":"Contactez nous - Les G\u00eetes de la Buissonni\u00e8re","og_description":"Les G\u00eetes de la Buissonni\u00e8re Oubreyts, 07600 Vals-les-Bains, France Contactez nous Remplissez le formulaire suivant pour effectuer une pr\u00e9-r\u00e9servation (sans engagement) ou pour obtenir plus de renseignements. Nous vous re-contacterons dans les plus bref d\u00e9lais. 06 51 60 42 78 &hellip; Read More","og_url":"https:\/\/www.gites-labuissonniere.com\/fr\/contactez-nous\/","og_site_name":"Les G\u00eetes de la Buissonni\u00e8re","article_modified_time":"2025-05-30T16:11:54+00:00","og_image":[{"url":"https:\/\/www.gites-labuissonniere.com\/wp-content\/plugins\/formidable\/images\/ajax_loader.gif","type":"","width":"","height":""}],"twitter_card":"summary_large_image","twitter_misc":{"Dur\u00e9e de lecture estim\u00e9e":"1 minute"},"schema":{"@context":"https:\/\/schema.org","@graph":[{"@type":"WebPage","@id":"https:\/\/www.gites-labuissonniere.com\/fr\/contactez-nous\/","url":"https:\/\/www.gites-labuissonniere.com\/fr\/contactez-nous\/","name":"Contactez nous - Les G\u00eetes de la Buissonni\u00e8re","isPartOf":{"@id":"https:\/\/www.gites-labuissonniere.com\/fr\/#website"},"primaryImageOfPage":{"@id":"https:\/\/www.gites-labuissonniere.com\/fr\/contactez-nous\/#primaryimage"},"image":{"@id":"https:\/\/www.gites-labuissonniere.com\/fr\/contactez-nous\/#primaryimage"},"thumbnailUrl":"https:\/\/www.gites-labuissonniere.com\/wp-content\/plugins\/formidable\/images\/ajax_loader.gif","datePublished":"2017-05-31T05:05:41+00:00","dateModified":"2025-05-30T16:11:54+00:00","breadcrumb":{"@id":"https:\/\/www.gites-labuissonniere.com\/fr\/contactez-nous\/#breadcrumb"},"inLanguage":"fr-FR","potentialAction":[{"@type":"ReadAction","target":["https:\/\/www.gites-labuissonniere.com\/fr\/contactez-nous\/"]}]},{"@type":"ImageObject","inLanguage":"fr-FR","@id":"https:\/\/www.gites-labuissonniere.com\/fr\/contactez-nous\/#primaryimage","url":"https:\/\/www.gites-labuissonniere.com\/wp-content\/plugins\/formidable\/images\/ajax_loader.gif","contentUrl":"https:\/\/www.gites-labuissonniere.com\/wp-content\/plugins\/formidable\/images\/ajax_loader.gif"},{"@type":"BreadcrumbList","@id":"https:\/\/www.gites-labuissonniere.com\/fr\/contactez-nous\/#breadcrumb","itemListElement":[{"@type":"ListItem","position":1,"name":"Accueil","item":"https:\/\/www.gites-labuissonniere.com\/fr\/"},{"@type":"ListItem","position":2,"name":"Contactez nous"}]},{"@type":"WebSite","@id":"https:\/\/www.gites-labuissonniere.com\/fr\/#website","url":"https:\/\/www.gites-labuissonniere.com\/fr\/","name":"Les G\u00eetes de la Buissonni\u00e8re","description":"","publisher":{"@id":"https:\/\/www.gites-labuissonniere.com\/fr\/#organization"},"potentialAction":[{"@type":"SearchAction","target":{"@type":"EntryPoint","urlTemplate":"https:\/\/www.gites-labuissonniere.com\/fr\/?s={search_term_string}"},"query-input":{"@type":"PropertyValueSpecification","valueRequired":true,"valueName":"search_term_string"}}],"inLanguage":"fr-FR"},{"@type":"Organization","@id":"https:\/\/www.gites-labuissonniere.com\/fr\/#organization","name":"Les G\u00eetes de la Buissonni\u00e8re","url":"https:\/\/www.gites-labuissonniere.com\/fr\/","logo":{"@type":"ImageObject","inLanguage":"fr-FR","@id":"https:\/\/www.gites-labuissonniere.com\/fr\/#\/schema\/logo\/image\/","url":"https:\/\/www.gites-labuissonniere.com\/wp-content\/uploads\/2020\/04\/Untitled-design-1-e1749789425456.png","contentUrl":"https:\/\/www.gites-labuissonniere.com\/wp-content\/uploads\/2020\/04\/Untitled-design-1-e1749789425456.png","width":500,"height":257,"caption":"Les G\u00eetes de la Buissonni\u00e8re"},"image":{"@id":"https:\/\/www.gites-labuissonniere.com\/fr\/#\/schema\/logo\/image\/"}}]}},"_links":{"self":[{"href":"https:\/\/www.gites-labuissonniere.com\/fr\/wp-json\/wp\/v2\/pages\/68","targetHints":{"allow":["GET"]}}],"collection":[{"href":"https:\/\/www.gites-labuissonniere.com\/fr\/wp-json\/wp\/v2\/pages"}],"about":[{"href":"https:\/\/www.gites-labuissonniere.com\/fr\/wp-json\/wp\/v2\/types\/page"}],"author":[{"embeddable":true,"href":"https:\/\/www.gites-labuissonniere.com\/fr\/wp-json\/wp\/v2\/users\/1"}],"replies":[{"embeddable":true,"href":"https:\/\/www.gites-labuissonniere.com\/fr\/wp-json\/wp\/v2\/comments?post=68"}],"version-history":[{"count":12,"href":"https:\/\/www.gites-labuissonniere.com\/fr\/wp-json\/wp\/v2\/pages\/68\/revisions"}],"predecessor-version":[{"id":1786,"href":"https:\/\/www.gites-labuissonniere.com\/fr\/wp-json\/wp\/v2\/pages\/68\/revisions\/1786"}],"wp:attachment":[{"href":"https:\/\/www.gites-labuissonniere.com\/fr\/wp-json\/wp\/v2\/media?parent=68"}],"curies":[{"name":"wp","href":"https:\/\/api.w.org\/{rel}","templated":true}]}}